{"id":1187,"date":"2022-10-26T15:16:04","date_gmt":"2022-10-26T13:16:04","guid":{"rendered":"https:\/\/planetatworczosci.org\/?page_id=1187"},"modified":"2023-09-14T16:35:36","modified_gmt":"2023-09-14T14:35:36","slug":"zajecia-dodatkowe-3","status":"publish","type":"page","link":"https:\/\/planetatworczosci.org\/?page_id=1187","title":{"rendered":"ZAJ\u0118CIA DODATKOWE"},"content":{"rendered":"\t\t<div data-elementor-type=\"wp-page\" data-elementor-id=\"1187\" class=\"elementor elementor-1187\">\n\t\t\t\t\t\t<section class=\"elementor-section elementor-top-section elementor-element elementor-element-9288869 elementor-section-boxed elementor-section-height-default elementor-section-height-default\" data-id=\"9288869\" data-element_type=\"section\" data-settings=\"{&quot;_ha_eqh_enable&quot;:false}\">\n\t\t\t\t\t\t<div class=\"elementor-container elementor-column-gap-default\">\n\t\t\t\t\t<div class=\"elementor-column elementor-col-33 elementor-top-column elementor-element elementor-element-e587821\" data-id=\"e587821\" data-element_type=\"column\">\n\t\t\t<div class=\"elementor-widget-wrap\">\n\t\t\t\t\t\t\t<\/div>\n\t\t<\/div>\n\t\t\t\t<div class=\"elementor-column elementor-col-33 elementor-top-column elementor-element elementor-element-f9c4a7b\" data-id=\"f9c4a7b\" data-element_type=\"column\">\n\t\t\t<div class=\"elementor-widget-wrap elementor-element-populated\">\n\t\t\t\t\t\t<section class=\"elementor-section elementor-inner-section elementor-element elementor-element-0ea34b0 elementor-section-boxed elementor-section-height-default elementor-section-height-default\" data-id=\"0ea34b0\" data-element_type=\"section\" data-settings=\"{&quot;background_background&quot;:&quot;classic&quot;,&quot;_ha_eqh_enable&quot;:false}\">\n\t\t\t\t\t\t<div class=\"elementor-container elementor-column-gap-default\">\n\t\t\t\t\t<div class=\"elementor-column elementor-col-100 elementor-inner-column elementor-element elementor-element-f33284b\" data-id=\"f33284b\" data-element_type=\"column\">\n\t\t\t<div class=\"elementor-widget-wrap\">\n\t\t\t\t\t\t\t<\/div>\n\t\t<\/div>\n\t\t\t\t\t<\/div>\n\t\t<\/section>\n\t\t\t\t<section class=\"elementor-section elementor-inner-section elementor-element elementor-element-0f7d79d elementor-section-boxed elementor-section-height-default elementor-section-height-default\" data-id=\"0f7d79d\" data-element_type=\"section\" data-settings=\"{&quot;_ha_eqh_enable&quot;:false}\">\n\t\t\t\t\t\t<div class=\"elementor-container elementor-column-gap-default\">\n\t\t\t\t\t<div class=\"elementor-column elementor-col-100 elementor-inner-column elementor-element elementor-element-c7b9237\" data-id=\"c7b9237\" data-element_type=\"column\" data-settings=\"{&quot;background_background&quot;:&quot;classic&quot;}\">\n\t\t\t<div class=\"elementor-widget-wrap elementor-element-populated\">\n\t\t\t\t\t\t\t<\/div>\n\t\t<\/div>\n\t\t\t\t\t<\/div>\n\t\t<\/section>\n\t\t\t\t<section class=\"elementor-section elementor-inner-section elementor-element elementor-element-228ff8f elementor-section-boxed elementor-section-height-default elementor-section-height-default\" data-id=\"228ff8f\" data-element_type=\"section\" data-settings=\"{&quot;_ha_eqh_enable&quot;:false}\">\n\t\t\t\t\t\t<div class=\"elementor-container elementor-column-gap-default\">\n\t\t\t\t\t<div class=\"elementor-column elementor-col-100 elementor-inner-column elementor-element elementor-element-7288878\" data-id=\"7288878\" data-element_type=\"column\" data-settings=\"{&quot;background_background&quot;:&quot;classic&quot;}\">\n\t\t\t<div class=\"elementor-widget-wrap elementor-element-populated\">\n\t\t\t\t\t\t\t<\/div>\n\t\t<\/div>\n\t\t\t\t\t<\/div>\n\t\t<\/section>\n\t\t\t\t<section class=\"elementor-section elementor-inner-section elementor-element elementor-element-f51f508 elementor-section-boxed elementor-section-height-default elementor-section-height-default\" data-id=\"f51f508\" data-element_type=\"section\" data-settings=\"{&quot;background_background&quot;:&quot;classic&quot;,&quot;_ha_eqh_enable&quot;:false}\">\n\t\t\t\t\t\t<div class=\"elementor-container elementor-column-gap-default\">\n\t\t\t\t\t<div class=\"elementor-column elementor-col-100 elementor-inner-column elementor-element elementor-element-ab4041d\" data-id=\"ab4041d\" data-element_type=\"column\">\n\t\t\t<div class=\"elementor-widget-wrap\">\n\t\t\t\t\t\t\t<\/div>\n\t\t<\/div>\n\t\t\t\t\t<\/div>\n\t\t<\/section>\n\t\t\t\t\t<\/div>\n\t\t<\/div>\n\t\t\t\t<div class=\"elementor-column elementor-col-33 elementor-top-column elementor-element elementor-element-7c2ef23\" data-id=\"7c2ef23\" data-element_type=\"column\">\n\t\t\t<div class=\"elementor-widget-wrap\">\n\t\t\t\t\t\t\t<\/div>\n\t\t<\/div>\n\t\t\t\t\t<\/div>\n\t\t<\/section>\n\t\t\t\t<\/div>\n\t\t","protected":false},"excerpt":{"rendered":"","protected":false},"author":1,"featured_media":0,"parent":0,"menu_order":310,"comment_status":"closed","ping_status":"closed","template":"elementor_header_footer","meta":{"footnotes":""},"class_list":["post-1187","page","type-page","status-publish","hentry"],"yoast_head":"<!-- This site is optimized with the Yoast SEO plugin v27.5 - https:\/\/yoast.com\/product\/yoast-seo-wordpress\/ -->\n<title>ZAJ\u0118CIA DODATKOWE - Planeta Tw\u00f3rczo\u015bci<\/title>\n<meta name=\"robots\" content=\"index, follow, max-snippet:-1, max-image-preview:large, max-video-preview:-1\" \/>\n<link rel=\"canonical\" href=\"https:\/\/planetatworczosci.org\/?page_id=1187\" \/>\n<meta property=\"og:locale\" content=\"pl_PL\" \/>\n<meta property=\"og:type\" content=\"article\" \/>\n<meta property=\"og:title\" content=\"ZAJ\u0118CIA DODATKOWE - Planeta Tw\u00f3rczo\u015bci\" \/>\n<meta property=\"og:url\" content=\"https:\/\/planetatworczosci.org\/?page_id=1187\" \/>\n<meta property=\"og:site_name\" content=\"Planeta Tw\u00f3rczo\u015bci\" \/>\n<meta property=\"article:modified_time\" content=\"2023-09-14T14:35:36+00:00\" \/>\n<meta name=\"twitter:card\" content=\"summary_large_image\" \/>\n<script type=\"application\/ld+json\" class=\"yoast-schema-graph\">{\"@context\":\"https:\\\/\\\/schema.org\",\"@graph\":[{\"@type\":\"WebPage\",\"@id\":\"https:\\\/\\\/planetatworczosci.org\\\/?page_id=1187\",\"url\":\"https:\\\/\\\/planetatworczosci.org\\\/?page_id=1187\",\"name\":\"ZAJ\u0118CIA DODATKOWE - Planeta Tw\u00f3rczo\u015bci\",\"isPartOf\":{\"@id\":\"https:\\\/\\\/planetatworczosci.org\\\/#website\"},\"datePublished\":\"2022-10-26T13:16:04+00:00\",\"dateModified\":\"2023-09-14T14:35:36+00:00\",\"breadcrumb\":{\"@id\":\"https:\\\/\\\/planetatworczosci.org\\\/?page_id=1187#breadcrumb\"},\"inLanguage\":\"pl-PL\",\"potentialAction\":[{\"@type\":\"ReadAction\",\"target\":[\"https:\\\/\\\/planetatworczosci.org\\\/?page_id=1187\"]}]},{\"@type\":\"BreadcrumbList\",\"@id\":\"https:\\\/\\\/planetatworczosci.org\\\/?page_id=1187#breadcrumb\",\"itemListElement\":[{\"@type\":\"ListItem\",\"position\":1,\"name\":\"Home\",\"item\":\"https:\\\/\\\/planetatworczosci.org\\\/\"},{\"@type\":\"ListItem\",\"position\":2,\"name\":\"ZAJ\u0118CIA DODATKOWE\"}]},{\"@type\":\"WebSite\",\"@id\":\"https:\\\/\\\/planetatworczosci.org\\\/#website\",\"url\":\"https:\\\/\\\/planetatworczosci.org\\\/\",\"name\":\"Planeta Tw\u00f3rczo\u015bci\",\"description\":\"\",\"publisher\":{\"@id\":\"https:\\\/\\\/planetatworczosci.org\\\/#organization\"},\"potentialAction\":[{\"@type\":\"SearchAction\",\"target\":{\"@type\":\"EntryPoint\",\"urlTemplate\":\"https:\\\/\\\/planetatworczosci.org\\\/?s={search_term_string}\"},\"query-input\":{\"@type\":\"PropertyValueSpecification\",\"valueRequired\":true,\"valueName\":\"search_term_string\"}}],\"inLanguage\":\"pl-PL\"},{\"@type\":\"Organization\",\"@id\":\"https:\\\/\\\/planetatworczosci.org\\\/#organization\",\"name\":\"Planeta Tw\u00f3rczo\u015bci\",\"url\":\"https:\\\/\\\/planetatworczosci.org\\\/\",\"logo\":{\"@type\":\"ImageObject\",\"inLanguage\":\"pl-PL\",\"@id\":\"https:\\\/\\\/planetatworczosci.org\\\/#\\\/schema\\\/logo\\\/image\\\/\",\"url\":\"https:\\\/\\\/planetatworczosci.org\\\/wp-content\\\/uploads\\\/2022\\\/07\\\/logo300-1.png\",\"contentUrl\":\"https:\\\/\\\/planetatworczosci.org\\\/wp-content\\\/uploads\\\/2022\\\/07\\\/logo300-1.png\",\"width\":300,\"height\":227,\"caption\":\"Planeta Tw\u00f3rczo\u015bci\"},\"image\":{\"@id\":\"https:\\\/\\\/planetatworczosci.org\\\/#\\\/schema\\\/logo\\\/image\\\/\"}}]}<\/script>\n<!-- \/ Yoast SEO plugin. -->","yoast_head_json":{"title":"ZAJ\u0118CIA DODATKOWE - Planeta Tw\u00f3rczo\u015bci","robots":{"index":"index","follow":"follow","max-snippet":"max-snippet:-1","max-image-preview":"max-image-preview:large","max-video-preview":"max-video-preview:-1"},"canonical":"https:\/\/planetatworczosci.org\/?page_id=1187","og_locale":"pl_PL","og_type":"article","og_title":"ZAJ\u0118CIA DODATKOWE - Planeta Tw\u00f3rczo\u015bci","og_url":"https:\/\/planetatworczosci.org\/?page_id=1187","og_site_name":"Planeta Tw\u00f3rczo\u015bci","article_modified_time":"2023-09-14T14:35:36+00:00","twitter_card":"summary_large_image","schema":{"@context":"https:\/\/schema.org","@graph":[{"@type":"WebPage","@id":"https:\/\/planetatworczosci.org\/?page_id=1187","url":"https:\/\/planetatworczosci.org\/?page_id=1187","name":"ZAJ\u0118CIA DODATKOWE - Planeta Tw\u00f3rczo\u015bci","isPartOf":{"@id":"https:\/\/planetatworczosci.org\/#website"},"datePublished":"2022-10-26T13:16:04+00:00","dateModified":"2023-09-14T14:35:36+00:00","breadcrumb":{"@id":"https:\/\/planetatworczosci.org\/?page_id=1187#breadcrumb"},"inLanguage":"pl-PL","potentialAction":[{"@type":"ReadAction","target":["https:\/\/planetatworczosci.org\/?page_id=1187"]}]},{"@type":"BreadcrumbList","@id":"https:\/\/planetatworczosci.org\/?page_id=1187#breadcrumb","itemListElement":[{"@type":"ListItem","position":1,"name":"Home","item":"https:\/\/planetatworczosci.org\/"},{"@type":"ListItem","position":2,"name":"ZAJ\u0118CIA DODATKOWE"}]},{"@type":"WebSite","@id":"https:\/\/planetatworczosci.org\/#website","url":"https:\/\/planetatworczosci.org\/","name":"Planeta Tw\u00f3rczo\u015bci","description":"","publisher":{"@id":"https:\/\/planetatworczosci.org\/#organization"},"potentialAction":[{"@type":"SearchAction","target":{"@type":"EntryPoint","urlTemplate":"https:\/\/planetatworczosci.org\/?s={search_term_string}"},"query-input":{"@type":"PropertyValueSpecification","valueRequired":true,"valueName":"search_term_string"}}],"inLanguage":"pl-PL"},{"@type":"Organization","@id":"https:\/\/planetatworczosci.org\/#organization","name":"Planeta Tw\u00f3rczo\u015bci","url":"https:\/\/planetatworczosci.org\/","logo":{"@type":"ImageObject","inLanguage":"pl-PL","@id":"https:\/\/planetatworczosci.org\/#\/schema\/logo\/image\/","url":"https:\/\/planetatworczosci.org\/wp-content\/uploads\/2022\/07\/logo300-1.png","contentUrl":"https:\/\/planetatworczosci.org\/wp-content\/uploads\/2022\/07\/logo300-1.png","width":300,"height":227,"caption":"Planeta Tw\u00f3rczo\u015bci"},"image":{"@id":"https:\/\/planetatworczosci.org\/#\/schema\/logo\/image\/"}}]}},"_links":{"self":[{"href":"https:\/\/planetatworczosci.org\/index.php?rest_route=\/wp\/v2\/pages\/1187","targetHints":{"allow":["GET"]}}],"collection":[{"href":"https:\/\/planetatworczosci.org\/index.php?rest_route=\/wp\/v2\/pages"}],"about":[{"href":"https:\/\/planetatworczosci.org\/index.php?rest_route=\/wp\/v2\/types\/page"}],"author":[{"embeddable":true,"href":"https:\/\/planetatworczosci.org\/index.php?rest_route=\/wp\/v2\/users\/1"}],"replies":[{"embeddable":true,"href":"https:\/\/planetatworczosci.org\/index.php?rest_route=%2Fwp%2Fv2%2Fcomments&post=1187"}],"version-history":[{"count":10,"href":"https:\/\/planetatworczosci.org\/index.php?rest_route=\/wp\/v2\/pages\/1187\/revisions"}],"predecessor-version":[{"id":1525,"href":"https:\/\/planetatworczosci.org\/index.php?rest_route=\/wp\/v2\/pages\/1187\/revisions\/1525"}],"wp:attachment":[{"href":"https:\/\/planetatworczosci.org\/index.php?rest_route=%2Fwp%2Fv2%2Fmedia&parent=1187"}],"curies":[{"name":"wp","href":"https:\/\/api.w.org\/{rel}","templated":true}]}}