{"id":1319,"date":"2023-02-28T13:27:27","date_gmt":"2023-02-28T12:27:27","guid":{"rendered":"https:\/\/planetatworczosci.org\/?page_id=1319"},"modified":"2023-02-28T13:36:59","modified_gmt":"2023-02-28T12:36:59","slug":"logopedia","status":"publish","type":"page","link":"https:\/\/planetatworczosci.org\/?page_id=1319","title":{"rendered":"LOGOPEDIA"},"content":{"rendered":"\t\t<div data-elementor-type=\"wp-page\" data-elementor-id=\"1319\" class=\"elementor elementor-1319\">\n\t\t\t\t\t\t<section class=\"elementor-section elementor-top-section elementor-element elementor-element-786e60b elementor-section-boxed elementor-section-height-default elementor-section-height-default\" data-id=\"786e60b\" data-element_type=\"section\" data-settings=\"{&quot;_ha_eqh_enable&quot;:false}\">\n\t\t\t\t\t\t<div class=\"elementor-container elementor-column-gap-default\">\n\t\t\t\t\t<div class=\"elementor-column elementor-col-33 elementor-top-column elementor-element elementor-element-33944ff\" data-id=\"33944ff\" data-element_type=\"column\">\n\t\t\t<div class=\"elementor-widget-wrap\">\n\t\t\t\t\t\t\t<\/div>\n\t\t<\/div>\n\t\t\t\t<div class=\"elementor-column elementor-col-33 elementor-top-column elementor-element elementor-element-1b80f82\" data-id=\"1b80f82\" data-element_type=\"column\">\n\t\t\t<div class=\"elementor-widget-wrap elementor-element-populated\">\n\t\t\t\t\t\t<section class=\"elementor-section elementor-inner-section elementor-element elementor-element-e64d8cf elementor-section-boxed elementor-section-height-default elementor-section-height-default\" data-id=\"e64d8cf\" data-element_type=\"section\" data-settings=\"{&quot;background_background&quot;:&quot;classic&quot;,&quot;_ha_eqh_enable&quot;:false}\">\n\t\t\t\t\t\t<div class=\"elementor-container elementor-column-gap-default\">\n\t\t\t\t\t<div class=\"elementor-column elementor-col-100 elementor-inner-column elementor-element elementor-element-dc03b78\" data-id=\"dc03b78\" data-element_type=\"column\">\n\t\t\t<div class=\"elementor-widget-wrap\">\n\t\t\t\t\t\t\t<\/div>\n\t\t<\/div>\n\t\t\t\t\t<\/div>\n\t\t<\/section>\n\t\t\t\t<section class=\"elementor-section elementor-inner-section elementor-element elementor-element-3dde5c4 elementor-section-boxed elementor-section-height-default elementor-section-height-default\" data-id=\"3dde5c4\" data-element_type=\"section\" data-settings=\"{&quot;_ha_eqh_enable&quot;:false}\">\n\t\t\t\t\t\t<div class=\"elementor-container elementor-column-gap-default\">\n\t\t\t\t\t<div class=\"elementor-column elementor-col-100 elementor-inner-column elementor-element elementor-element-f738d0f\" data-id=\"f738d0f\" data-element_type=\"column\" data-settings=\"{&quot;background_background&quot;:&quot;classic&quot;}\">\n\t\t\t<div class=\"elementor-widget-wrap elementor-element-populated\">\n\t\t\t\t\t\t<div class=\"elementor-element elementor-element-0fb12b1 elementor-widget elementor-widget-html\" data-id=\"0fb12b1\" data-element_type=\"widget\" data-widget_type=\"html.default\">\n\t\t\t\t<div class=\"elementor-widget-container\">\n\t\t\t<div style=\"\n   text-shadow:\n    -1px -1px 0 #4472C4,\n    1px -1px 0 #4472C4,\n    -1px 1px 0 #4472C4,\n    1px 1px 0 #4472C4,\n    3px 3px 1px #88888844;\ntext-transform: uppercase;\nfont-weight: 600;\nfont-size: 44px;\ncolor: #9CC2E5;\n\">\n    LOGOPEDIA\n<\/div>\t\t<\/div>\n\t\t\t\t<\/div>\n\t\t\t\t\t<\/div>\n\t\t<\/div>\n\t\t\t\t\t<\/div>\n\t\t<\/section>\n\t\t\t\t<section class=\"elementor-section elementor-inner-section elementor-element elementor-element-62a661e elementor-section-boxed elementor-section-height-default elementor-section-height-default\" data-id=\"62a661e\" data-element_type=\"section\" data-settings=\"{&quot;_ha_eqh_enable&quot;:false}\">\n\t\t\t\t\t\t<div class=\"elementor-container elementor-column-gap-default\">\n\t\t\t\t\t<div class=\"elementor-column elementor-col-100 elementor-inner-column elementor-element elementor-element-d76c843\" data-id=\"d76c843\" data-element_type=\"column\" data-settings=\"{&quot;background_background&quot;:&quot;classic&quot;}\">\n\t\t\t<div class=\"elementor-widget-wrap elementor-element-populated\">\n\t\t\t\t\t\t<div class=\"elementor-element elementor-element-4ab4e86 elementor-widget elementor-widget-text-editor\" data-id=\"4ab4e86\" data-element_type=\"widget\" data-widget_type=\"text-editor.default\">\n\t\t\t\t<div class=\"elementor-widget-container\">\n\t\t\t\t\t\t\t<p><strong>Logopedia jest dziedzin\u0105 zajmuj\u0105c\u0105 si\u0119 mow\u0105, zar\u00f3wno prawid\u0142owym rozwojem mowy, jak i \u2013 przede wszystkim \u2013 zaburzeniami mowy u os\u00f3b w ka\u017cdym wieku.<\/strong><br \/><strong>Jak motywowa\u0107 dzieci do \u0107wicze\u0144 logopedycznych w domu?<\/strong><\/p>\t\t\t\t\t\t<\/div>\n\t\t\t\t<\/div>\n\t\t\t\t\t<\/div>\n\t\t<\/div>\n\t\t\t\t\t<\/div>\n\t\t<\/section>\n\t\t\t\t<section class=\"elementor-section elementor-inner-section elementor-element elementor-element-cc53b2d elementor-section-boxed elementor-section-height-default elementor-section-height-default\" data-id=\"cc53b2d\" data-element_type=\"section\" data-settings=\"{&quot;_ha_eqh_enable&quot;:false}\">\n\t\t\t\t\t\t<div class=\"elementor-container elementor-column-gap-default\">\n\t\t\t\t\t<div class=\"elementor-column elementor-col-100 elementor-inner-column elementor-element elementor-element-574826e\" data-id=\"574826e\" data-element_type=\"column\" data-settings=\"{&quot;background_background&quot;:&quot;classic&quot;}\">\n\t\t\t<div class=\"elementor-widget-wrap elementor-element-populated\">\n\t\t\t\t\t\t<div class=\"elementor-element elementor-element-1e7c8e4 elementor-widget elementor-widget-text-editor\" data-id=\"1e7c8e4\" data-element_type=\"widget\" data-widget_type=\"text-editor.default\">\n\t\t\t\t<div class=\"elementor-widget-container\">\n\t\t\t\t\t\t\t<p><b>1. STA\u0141A PORA \u0106WICZE\u0143<\/b><br \/>Dziecko \u0142atwiej zaakaceptuje wykonywanie \u0107wicze\u0144 logopedycznych je\u015bli stan\u0105 si\u0119 one cz\u0119\u015bci\u0105 codziennego rytua\u0142u. Najlepiej kojarzy\u0107 \u0107wiczenia z innymi codziennymi zaj\u0119ciami np. \u0107wiczymy zawsze po obiedzie.<br \/><b><br \/><\/b><\/p><p><b>2. KR\u00d3CEJ ALE CZ\u0118\u015aCIEJ<\/b><br \/>Lepiej \u0107wiczy\u0107 kr\u00f3cej, ale kilka razy dziennie, ni\u017c raz na tydzie\u0144 d\u0142ugo. W\u00f3wczas\u00a0 \u0107wiczenia nie b\u0119d\u0105 a\u017c tak nu\u017c\u0105ce, a dziecko b\u0119dzie nabiera\u0142o nawyk\u00f3w prawidlowego m\u00f3wienia w spos\u00f3b najbardziej zbli\u017cony do naturalnych sytuacji.<br \/><b><br \/><\/b><\/p><p><b>3. NAUKA PRZEZ ZABAW\u0118<\/b><br \/>Wykonaj wraz z dzieckiem pomoce edukacyjne, ktore uprzyjemni\u0105 nabywanie umiej\u0119tno\u015bci prawid\u0142owego m\u00f3wienia. Je\u015bli brakuje ci czasu, mo\u017cesz te\u017c kupi\u0107 gotowe pomoce logopedyczne lub wykorzysta\u0107 zabawy i zabawki, kt\u00f3re dziecko lubi najbardziej. Ucz\u0105c przez zabaw\u0119 sprawimy, \u017ce dziecko polubi \u0107wiczenia logopedyczne.<br \/><b><br \/><\/b><\/p><p><b>4. NAUKA &#8220;PRZY OKAZJI&#8221;<\/b><br \/>Wykorzystaj ka\u017cd\u0105 mo\u017cliw\u0105 sytuacj\u0119, aby &#8220;przemyci\u0107&#8221; kilka s\u0142\u00f3wek, \u0107wicze\u0144 buzi i j\u0119zyka lub \u0107wicze\u0144 oddechowych. \u0106wiczy\u0107 mo\u017cna w ka\u017cdej sytuacji np. w sklepie, na spacerze, podczas rozmowy z dzieckiem. Du\u017co zale\u017cy od Twojej inwencji.<br \/><b><br \/><\/b><\/p><p><b>5. \u0106WICZMY RAZEM<\/b><br \/>\u0106wicz razem z dzieckiem. Czasem doro\u015bli wstydz\u0105 si\u0119 robienia dziwnych min przed lustrem. Niepotrzebnie! Je\u015bli nalezysz do tych os\u00f3b, pozb\u0105d\u017a si\u0119 fa\u0142szyego wstydu i doce\u0144, co nasza buzia i nasz j\u0119zyk potrafi\u0105. \u0106wicz z dzieckiem i dobrze si\u0119 przy tym bawcie!<\/p><p><b>6. DWIE WA\u017bNE CECHY<\/b><br \/>B\u0105d\u017a cierpliwy i konsekwentny.\u00a0 Nie wy\u015bmiewaj dziecka, jego wady, ani braku post\u0119p\u00f3w. Czasem mijaj\u0105 dlugie miesi\u0105ce zanim pojawi\u0105 si\u0119 pierwsze efekty terapii. Twoja konsekwencja w wykonywaniu \u0107wicze\u0144 logopedycznych jest ubezpieczeniem sukcesu!<\/p><p><b>7. O MOTYWACJI<\/b><br \/>Motywacja do \u0107wicze\u0144 to co\u015b, co nie przyjdzie samo. Je\u015bli jeste\u015b szcz\u0119\u015bciarzem, kt\u00f3rego dziecko &#8220;samo chce&#8221;, to wspaniale! Pami\u0119taj jednak, \u017ce ka\u017cde dziecko miewa swoje &#8220;kryzysy&#8221;zwi\u0105zane z motywacj\u0105 do \u0107wicze\u0144. S\u0105 one zjawiskiem naturalnym. Motywacj\u0119 trzeba stale rozwija\u0107 i umacnia\u0107.<\/p><p><b>8. NAGRODY<\/b><br \/>Za solidn\u0105 prac\u0119 nale\u017cy si\u0119 nagroda! Podczas \u0107wicze\u0144 niech to b\u0119dzie zwyk\u0142e entuzjastyczne &#8220;Brawo! Bardzo dobrze!&#8221;. Po zako\u0144czonych zaj\u0119ciach mo\u017ce to by\u0107 naklejka, piecz\u0105tka w tabeli motywacyjnej, obrazek. Po osi\u0105gni\u0119ciu jakiego\u015b etapu (np. po uzbieraniu okre\u015blonej liczny naklejek) mo\u017cemy &#8220;zafundowa\u0107&#8221; dziecku wyj\u015bcie do kina, na basen itp.<\/p><p><b>9. KONTAKT Z LOGOPED\u0104<\/b><br \/>B\u0105d\u017a w sta\u0142ym kontakcie z logoped\u0105 prowadz\u0105cym terapi\u0119, aby na bie\u017c\u0105co omawia\u0107 post\u0119py dziecka, zapyta\u0107 o spos\u00f3b wykonywania \u0107wicze\u0144, aby unikn\u0105\u0107 mimowolnych b\u0142\u0119d\u00f3w podczas ich wykonywania.<\/p><p><b>10. CZAS<\/b><br \/>Daj dziecku czas. Ka\u017cda nowa umiej\u0119tno\u015b\u0107 potrzebuje czasu, aby si\u0119 rozwin\u0105\u0107 i utrwali\u0107. Tylko systematyczna praca i wytrwa\u0142o\u015b\u0107 pozwol\u0105 osi\u0105gn\u0105\u0107 cel, jakim jest poprawna wymowa i sprawna komunikacja.<\/p>\t\t\t\t\t\t<\/div>\n\t\t\t\t<\/div>\n\t\t\t\t\t<\/div>\n\t\t<\/div>\n\t\t\t\t\t<\/div>\n\t\t<\/section>\n\t\t\t\t<section class=\"elementor-section elementor-inner-section elementor-element elementor-element-29eb69c elementor-section-boxed elementor-section-height-default elementor-section-height-default\" data-id=\"29eb69c\" data-element_type=\"section\" data-settings=\"{&quot;background_background&quot;:&quot;classic&quot;,&quot;_ha_eqh_enable&quot;:false}\">\n\t\t\t\t\t\t<div class=\"elementor-container elementor-column-gap-default\">\n\t\t\t\t\t<div class=\"elementor-column elementor-col-100 elementor-inner-column elementor-element elementor-element-826ac55\" data-id=\"826ac55\" data-element_type=\"column\">\n\t\t\t<div class=\"elementor-widget-wrap\">\n\t\t\t\t\t\t\t<\/div>\n\t\t<\/div>\n\t\t\t\t\t<\/div>\n\t\t<\/section>\n\t\t\t\t\t<\/div>\n\t\t<\/div>\n\t\t\t\t<div class=\"elementor-column elementor-col-33 elementor-top-column elementor-element elementor-element-7b39f68\" data-id=\"7b39f68\" data-element_type=\"column\">\n\t\t\t<div class=\"elementor-widget-wrap\">\n\t\t\t\t\t\t\t<\/div>\n\t\t<\/div>\n\t\t\t\t\t<\/div>\n\t\t<\/section>\n\t\t\t\t<\/div>\n\t\t","protected":false},"excerpt":{"rendered":"<p>LOGOPEDIA Logopedia jest dziedzin\u0105 zajmuj\u0105c\u0105 si\u0119 mow\u0105, zar\u00f3wno prawid\u0142owym rozwojem mowy, jak i \u2013 przede wszystkim \u2013 zaburzeniami mowy u os\u00f3b w ka\u017cdym wieku.Jak motywowa\u0107 dzieci do \u0107wicze\u0144 logopedycznych w domu? 1. STA\u0141A PORA \u0106WICZE\u0143Dziecko \u0142atwiej zaakaceptuje wykonywanie \u0107wicze\u0144 logopedycznych je\u015bli stan\u0105 si\u0119 one cz\u0119\u015bci\u0105 codziennego rytua\u0142u. Najlepiej kojarzy\u0107 \u0107wiczenia z innymi codziennymi zaj\u0119ciami np. [&hellip;]<\/p>\n","protected":false},"author":4,"featured_media":0,"parent":0,"menu_order":510,"comment_status":"closed","ping_status":"closed","template":"elementor_header_footer","meta":{"footnotes":""},"class_list":["post-1319","page","type-page","status-publish","hentry"],"yoast_head":"<!-- This site is optimized with the Yoast SEO plugin v27.5 - https:\/\/yoast.com\/product\/yoast-seo-wordpress\/ -->\n<title>LOGOPEDIA - Planeta Tw\u00f3rczo\u015bci<\/title>\n<meta name=\"robots\" content=\"index, follow, max-snippet:-1, max-image-preview:large, max-video-preview:-1\" \/>\n<link rel=\"canonical\" href=\"https:\/\/planetatworczosci.org\/?page_id=1319\" \/>\n<meta property=\"og:locale\" content=\"pl_PL\" \/>\n<meta property=\"og:type\" content=\"article\" \/>\n<meta property=\"og:title\" content=\"LOGOPEDIA - Planeta Tw\u00f3rczo\u015bci\" \/>\n<meta property=\"og:description\" content=\"LOGOPEDIA Logopedia jest dziedzin\u0105 zajmuj\u0105c\u0105 si\u0119 mow\u0105, zar\u00f3wno prawid\u0142owym rozwojem mowy, jak i \u2013 przede wszystkim \u2013 zaburzeniami mowy u os\u00f3b w ka\u017cdym wieku.Jak motywowa\u0107 dzieci do \u0107wicze\u0144 logopedycznych w domu? 1. STA\u0141A PORA \u0106WICZE\u0143Dziecko \u0142atwiej zaakaceptuje wykonywanie \u0107wicze\u0144 logopedycznych je\u015bli stan\u0105 si\u0119 one cz\u0119\u015bci\u0105 codziennego rytua\u0142u. Najlepiej kojarzy\u0107 \u0107wiczenia z innymi codziennymi zaj\u0119ciami np. [&hellip;]\" \/>\n<meta property=\"og:url\" content=\"https:\/\/planetatworczosci.org\/?page_id=1319\" \/>\n<meta property=\"og:site_name\" content=\"Planeta Tw\u00f3rczo\u015bci\" \/>\n<meta property=\"article:modified_time\" content=\"2023-02-28T12:36:59+00:00\" \/>\n<meta name=\"twitter:card\" content=\"summary_large_image\" \/>\n<meta name=\"twitter:label1\" content=\"Szacowany czas czytania\" \/>\n\t<meta name=\"twitter:data1\" content=\"3 minuty\" \/>\n<script type=\"application\/ld+json\" class=\"yoast-schema-graph\">{\"@context\":\"https:\\\/\\\/schema.org\",\"@graph\":[{\"@type\":\"WebPage\",\"@id\":\"https:\\\/\\\/planetatworczosci.org\\\/?page_id=1319\",\"url\":\"https:\\\/\\\/planetatworczosci.org\\\/?page_id=1319\",\"name\":\"LOGOPEDIA - Planeta Tw\u00f3rczo\u015bci\",\"isPartOf\":{\"@id\":\"https:\\\/\\\/planetatworczosci.org\\\/#website\"},\"datePublished\":\"2023-02-28T12:27:27+00:00\",\"dateModified\":\"2023-02-28T12:36:59+00:00\",\"breadcrumb\":{\"@id\":\"https:\\\/\\\/planetatworczosci.org\\\/?page_id=1319#breadcrumb\"},\"inLanguage\":\"pl-PL\",\"potentialAction\":[{\"@type\":\"ReadAction\",\"target\":[\"https:\\\/\\\/planetatworczosci.org\\\/?page_id=1319\"]}]},{\"@type\":\"BreadcrumbList\",\"@id\":\"https:\\\/\\\/planetatworczosci.org\\\/?page_id=1319#breadcrumb\",\"itemListElement\":[{\"@type\":\"ListItem\",\"position\":1,\"name\":\"Home\",\"item\":\"https:\\\/\\\/planetatworczosci.org\\\/\"},{\"@type\":\"ListItem\",\"position\":2,\"name\":\"LOGOPEDIA\"}]},{\"@type\":\"WebSite\",\"@id\":\"https:\\\/\\\/planetatworczosci.org\\\/#website\",\"url\":\"https:\\\/\\\/planetatworczosci.org\\\/\",\"name\":\"Planeta Tw\u00f3rczo\u015bci\",\"description\":\"\",\"publisher\":{\"@id\":\"https:\\\/\\\/planetatworczosci.org\\\/#organization\"},\"potentialAction\":[{\"@type\":\"SearchAction\",\"target\":{\"@type\":\"EntryPoint\",\"urlTemplate\":\"https:\\\/\\\/planetatworczosci.org\\\/?s={search_term_string}\"},\"query-input\":{\"@type\":\"PropertyValueSpecification\",\"valueRequired\":true,\"valueName\":\"search_term_string\"}}],\"inLanguage\":\"pl-PL\"},{\"@type\":\"Organization\",\"@id\":\"https:\\\/\\\/planetatworczosci.org\\\/#organization\",\"name\":\"Planeta Tw\u00f3rczo\u015bci\",\"url\":\"https:\\\/\\\/planetatworczosci.org\\\/\",\"logo\":{\"@type\":\"ImageObject\",\"inLanguage\":\"pl-PL\",\"@id\":\"https:\\\/\\\/planetatworczosci.org\\\/#\\\/schema\\\/logo\\\/image\\\/\",\"url\":\"https:\\\/\\\/planetatworczosci.org\\\/wp-content\\\/uploads\\\/2022\\\/07\\\/logo300-1.png\",\"contentUrl\":\"https:\\\/\\\/planetatworczosci.org\\\/wp-content\\\/uploads\\\/2022\\\/07\\\/logo300-1.png\",\"width\":300,\"height\":227,\"caption\":\"Planeta Tw\u00f3rczo\u015bci\"},\"image\":{\"@id\":\"https:\\\/\\\/planetatworczosci.org\\\/#\\\/schema\\\/logo\\\/image\\\/\"}}]}<\/script>\n<!-- \/ Yoast SEO plugin. -->","yoast_head_json":{"title":"LOGOPEDIA - Planeta Tw\u00f3rczo\u015bci","robots":{"index":"index","follow":"follow","max-snippet":"max-snippet:-1","max-image-preview":"max-image-preview:large","max-video-preview":"max-video-preview:-1"},"canonical":"https:\/\/planetatworczosci.org\/?page_id=1319","og_locale":"pl_PL","og_type":"article","og_title":"LOGOPEDIA - Planeta Tw\u00f3rczo\u015bci","og_description":"LOGOPEDIA Logopedia jest dziedzin\u0105 zajmuj\u0105c\u0105 si\u0119 mow\u0105, zar\u00f3wno prawid\u0142owym rozwojem mowy, jak i \u2013 przede wszystkim \u2013 zaburzeniami mowy u os\u00f3b w ka\u017cdym wieku.Jak motywowa\u0107 dzieci do \u0107wicze\u0144 logopedycznych w domu? 1. STA\u0141A PORA \u0106WICZE\u0143Dziecko \u0142atwiej zaakaceptuje wykonywanie \u0107wicze\u0144 logopedycznych je\u015bli stan\u0105 si\u0119 one cz\u0119\u015bci\u0105 codziennego rytua\u0142u. Najlepiej kojarzy\u0107 \u0107wiczenia z innymi codziennymi zaj\u0119ciami np. [&hellip;]","og_url":"https:\/\/planetatworczosci.org\/?page_id=1319","og_site_name":"Planeta Tw\u00f3rczo\u015bci","article_modified_time":"2023-02-28T12:36:59+00:00","twitter_card":"summary_large_image","twitter_misc":{"Szacowany czas czytania":"3 minuty"},"schema":{"@context":"https:\/\/schema.org","@graph":[{"@type":"WebPage","@id":"https:\/\/planetatworczosci.org\/?page_id=1319","url":"https:\/\/planetatworczosci.org\/?page_id=1319","name":"LOGOPEDIA - Planeta Tw\u00f3rczo\u015bci","isPartOf":{"@id":"https:\/\/planetatworczosci.org\/#website"},"datePublished":"2023-02-28T12:27:27+00:00","dateModified":"2023-02-28T12:36:59+00:00","breadcrumb":{"@id":"https:\/\/planetatworczosci.org\/?page_id=1319#breadcrumb"},"inLanguage":"pl-PL","potentialAction":[{"@type":"ReadAction","target":["https:\/\/planetatworczosci.org\/?page_id=1319"]}]},{"@type":"BreadcrumbList","@id":"https:\/\/planetatworczosci.org\/?page_id=1319#breadcrumb","itemListElement":[{"@type":"ListItem","position":1,"name":"Home","item":"https:\/\/planetatworczosci.org\/"},{"@type":"ListItem","position":2,"name":"LOGOPEDIA"}]},{"@type":"WebSite","@id":"https:\/\/planetatworczosci.org\/#website","url":"https:\/\/planetatworczosci.org\/","name":"Planeta Tw\u00f3rczo\u015bci","description":"","publisher":{"@id":"https:\/\/planetatworczosci.org\/#organization"},"potentialAction":[{"@type":"SearchAction","target":{"@type":"EntryPoint","urlTemplate":"https:\/\/planetatworczosci.org\/?s={search_term_string}"},"query-input":{"@type":"PropertyValueSpecification","valueRequired":true,"valueName":"search_term_string"}}],"inLanguage":"pl-PL"},{"@type":"Organization","@id":"https:\/\/planetatworczosci.org\/#organization","name":"Planeta Tw\u00f3rczo\u015bci","url":"https:\/\/planetatworczosci.org\/","logo":{"@type":"ImageObject","inLanguage":"pl-PL","@id":"https:\/\/planetatworczosci.org\/#\/schema\/logo\/image\/","url":"https:\/\/planetatworczosci.org\/wp-content\/uploads\/2022\/07\/logo300-1.png","contentUrl":"https:\/\/planetatworczosci.org\/wp-content\/uploads\/2022\/07\/logo300-1.png","width":300,"height":227,"caption":"Planeta Tw\u00f3rczo\u015bci"},"image":{"@id":"https:\/\/planetatworczosci.org\/#\/schema\/logo\/image\/"}}]}},"_links":{"self":[{"href":"https:\/\/planetatworczosci.org\/index.php?rest_route=\/wp\/v2\/pages\/1319","targetHints":{"allow":["GET"]}}],"collection":[{"href":"https:\/\/planetatworczosci.org\/index.php?rest_route=\/wp\/v2\/pages"}],"about":[{"href":"https:\/\/planetatworczosci.org\/index.php?rest_route=\/wp\/v2\/types\/page"}],"author":[{"embeddable":true,"href":"https:\/\/planetatworczosci.org\/index.php?rest_route=\/wp\/v2\/users\/4"}],"replies":[{"embeddable":true,"href":"https:\/\/planetatworczosci.org\/index.php?rest_route=%2Fwp%2Fv2%2Fcomments&post=1319"}],"version-history":[{"count":7,"href":"https:\/\/planetatworczosci.org\/index.php?rest_route=\/wp\/v2\/pages\/1319\/revisions"}],"predecessor-version":[{"id":1326,"href":"https:\/\/planetatworczosci.org\/index.php?rest_route=\/wp\/v2\/pages\/1319\/revisions\/1326"}],"wp:attachment":[{"href":"https:\/\/planetatworczosci.org\/index.php?rest_route=%2Fwp%2Fv2%2Fmedia&parent=1319"}],"curies":[{"name":"wp","href":"https:\/\/api.w.org\/{rel}","templated":true}]}}