{"id":890,"date":"2022-09-07T16:55:49","date_gmt":"2022-09-07T14:55:49","guid":{"rendered":"https:\/\/planetatworczosci.org\/?page_id=890"},"modified":"2022-10-24T14:56:30","modified_gmt":"2022-10-24T12:56:30","slug":"wspolpraca","status":"publish","type":"page","link":"https:\/\/planetatworczosci.org\/?page_id=890","title":{"rendered":"WSP\u00d3\u0141PRACA"},"content":{"rendered":"\t\t<div data-elementor-type=\"wp-page\" data-elementor-id=\"890\" class=\"elementor elementor-890\">\n\t\t\t\t\t\t<section class=\"elementor-section elementor-top-section elementor-element elementor-element-786e60b elementor-section-boxed elementor-section-height-default elementor-section-height-default\" data-id=\"786e60b\" data-element_type=\"section\" data-settings=\"{&quot;_ha_eqh_enable&quot;:false}\">\n\t\t\t\t\t\t<div class=\"elementor-container elementor-column-gap-default\">\n\t\t\t\t\t<div class=\"elementor-column elementor-col-33 elementor-top-column elementor-element elementor-element-33944ff\" data-id=\"33944ff\" data-element_type=\"column\">\n\t\t\t<div class=\"elementor-widget-wrap\">\n\t\t\t\t\t\t\t<\/div>\n\t\t<\/div>\n\t\t\t\t<div class=\"elementor-column elementor-col-33 elementor-top-column elementor-element elementor-element-1b80f82\" data-id=\"1b80f82\" data-element_type=\"column\">\n\t\t\t<div class=\"elementor-widget-wrap elementor-element-populated\">\n\t\t\t\t\t\t<section class=\"elementor-section elementor-inner-section elementor-element elementor-element-e64d8cf elementor-section-boxed elementor-section-height-default elementor-section-height-default\" data-id=\"e64d8cf\" data-element_type=\"section\" data-settings=\"{&quot;background_background&quot;:&quot;classic&quot;,&quot;_ha_eqh_enable&quot;:false}\">\n\t\t\t\t\t\t<div class=\"elementor-container elementor-column-gap-default\">\n\t\t\t\t\t<div class=\"elementor-column elementor-col-100 elementor-inner-column elementor-element elementor-element-dc03b78\" data-id=\"dc03b78\" data-element_type=\"column\">\n\t\t\t<div class=\"elementor-widget-wrap\">\n\t\t\t\t\t\t\t<\/div>\n\t\t<\/div>\n\t\t\t\t\t<\/div>\n\t\t<\/section>\n\t\t\t\t<section class=\"elementor-section elementor-inner-section elementor-element elementor-element-92c73dc elementor-section-boxed elementor-section-height-default elementor-section-height-default\" data-id=\"92c73dc\" data-element_type=\"section\" data-settings=\"{&quot;_ha_eqh_enable&quot;:false}\">\n\t\t\t\t\t\t<div class=\"elementor-container elementor-column-gap-default\">\n\t\t\t\t\t<div class=\"elementor-column elementor-col-50 elementor-inner-column elementor-element elementor-element-1d6f5f7\" data-id=\"1d6f5f7\" data-element_type=\"column\">\n\t\t\t<div class=\"elementor-widget-wrap elementor-element-populated\">\n\t\t\t\t\t\t<div class=\"elementor-element elementor-element-67e68c5 elementor-widget elementor-widget-image\" data-id=\"67e68c5\" data-element_type=\"widget\" data-widget_type=\"image.default\">\n\t\t\t\t<div class=\"elementor-widget-container\">\n\t\t\t\t\t\t\t\t\t\t\t\t\t<img decoding=\"async\" width=\"191\" height=\"144\" src=\"https:\/\/planetatworczosci.org\/wp-content\/uploads\/2022\/10\/glinolandia.png\" class=\"attachment-medium size-medium wp-image-1157\" alt=\"\" \/>\t\t\t\t\t\t\t\t\t\t\t\t\t<\/div>\n\t\t\t\t<\/div>\n\t\t\t\t\t<\/div>\n\t\t<\/div>\n\t\t\t\t<div class=\"elementor-column elementor-col-50 elementor-inner-column elementor-element elementor-element-c1f0a25\" data-id=\"c1f0a25\" data-element_type=\"column\">\n\t\t\t<div class=\"elementor-widget-wrap elementor-element-populated\">\n\t\t\t\t\t\t<div class=\"elementor-element elementor-element-2dc98e4 elementor-widget elementor-widget-image\" data-id=\"2dc98e4\" data-element_type=\"widget\" data-widget_type=\"image.default\">\n\t\t\t\t<div class=\"elementor-widget-container\">\n\t\t\t\t\t\t\t\t\t\t\t\t\t<img decoding=\"async\" width=\"205\" height=\"152\" src=\"https:\/\/planetatworczosci.org\/wp-content\/uploads\/2022\/10\/fabryka-talentow.png\" class=\"attachment-medium size-medium wp-image-1156\" alt=\"\" \/>\t\t\t\t\t\t\t\t\t\t\t\t\t<\/div>\n\t\t\t\t<\/div>\n\t\t\t\t\t<\/div>\n\t\t<\/div>\n\t\t\t\t\t<\/div>\n\t\t<\/section>\n\t\t\t\t<section class=\"elementor-section elementor-inner-section elementor-element elementor-element-3535e55 elementor-section-boxed elementor-section-height-default elementor-section-height-default\" data-id=\"3535e55\" data-element_type=\"section\" data-settings=\"{&quot;_ha_eqh_enable&quot;:false}\">\n\t\t\t\t\t\t<div class=\"elementor-container elementor-column-gap-default\">\n\t\t\t\t\t<div class=\"elementor-column elementor-col-50 elementor-inner-column elementor-element elementor-element-f6e5008\" data-id=\"f6e5008\" data-element_type=\"column\">\n\t\t\t<div class=\"elementor-widget-wrap elementor-element-populated\">\n\t\t\t\t\t\t<div class=\"elementor-element elementor-element-12d218a elementor-widget elementor-widget-image\" data-id=\"12d218a\" data-element_type=\"widget\" data-widget_type=\"image.default\">\n\t\t\t\t<div class=\"elementor-widget-container\">\n\t\t\t\t\t\t\t\t\t\t\t\t\t<img decoding=\"async\" width=\"198\" height=\"73\" src=\"https:\/\/planetatworczosci.org\/wp-content\/uploads\/2022\/10\/zumba-kids.png\" class=\"attachment-medium size-medium wp-image-1160\" alt=\"\" \/>\t\t\t\t\t\t\t\t\t\t\t\t\t<\/div>\n\t\t\t\t<\/div>\n\t\t\t\t\t<\/div>\n\t\t<\/div>\n\t\t\t\t<div class=\"elementor-column elementor-col-50 elementor-inner-column elementor-element elementor-element-d937f38\" data-id=\"d937f38\" data-element_type=\"column\">\n\t\t\t<div class=\"elementor-widget-wrap elementor-element-populated\">\n\t\t\t\t\t\t<div class=\"elementor-element elementor-element-6016d95 elementor-widget elementor-widget-image\" data-id=\"6016d95\" data-element_type=\"widget\" data-widget_type=\"image.default\">\n\t\t\t\t<div class=\"elementor-widget-container\">\n\t\t\t\t\t\t\t\t\t\t\t\t\t<img loading=\"lazy\" decoding=\"async\" width=\"209\" height=\"76\" src=\"https:\/\/planetatworczosci.org\/wp-content\/uploads\/2022\/10\/Joga.png\" class=\"attachment-medium size-medium wp-image-1158\" alt=\"\" \/>\t\t\t\t\t\t\t\t\t\t\t\t\t<\/div>\n\t\t\t\t<\/div>\n\t\t\t\t\t<\/div>\n\t\t<\/div>\n\t\t\t\t\t<\/div>\n\t\t<\/section>\n\t\t\t\t<section class=\"elementor-section elementor-inner-section elementor-element elementor-element-2385c7c elementor-section-boxed elementor-section-height-default elementor-section-height-default\" data-id=\"2385c7c\" data-element_type=\"section\" data-settings=\"{&quot;_ha_eqh_enable&quot;:false}\">\n\t\t\t\t\t\t<div class=\"elementor-container elementor-column-gap-default\">\n\t\t\t\t\t<div class=\"elementor-column elementor-col-50 elementor-inner-column elementor-element elementor-element-9252721\" data-id=\"9252721\" data-element_type=\"column\">\n\t\t\t<div class=\"elementor-widget-wrap elementor-element-populated\">\n\t\t\t\t\t\t<div class=\"elementor-element elementor-element-ea73734 elementor-widget elementor-widget-image\" data-id=\"ea73734\" data-element_type=\"widget\" data-widget_type=\"image.default\">\n\t\t\t\t<div class=\"elementor-widget-container\">\n\t\t\t\t\t\t\t\t\t\t\t\t\t<img loading=\"lazy\" decoding=\"async\" width=\"126\" height=\"87\" src=\"https:\/\/planetatworczosci.org\/wp-content\/uploads\/2022\/10\/bricks4kidz.png\" class=\"attachment-medium size-medium wp-image-1155\" alt=\"\" \/>\t\t\t\t\t\t\t\t\t\t\t\t\t<\/div>\n\t\t\t\t<\/div>\n\t\t\t\t\t<\/div>\n\t\t<\/div>\n\t\t\t\t<div class=\"elementor-column elementor-col-50 elementor-inner-column elementor-element elementor-element-414ea5f\" data-id=\"414ea5f\" data-element_type=\"column\">\n\t\t\t<div class=\"elementor-widget-wrap elementor-element-populated\">\n\t\t\t\t\t\t<div class=\"elementor-element elementor-element-3424b62 elementor-widget elementor-widget-image\" data-id=\"3424b62\" data-element_type=\"widget\" data-widget_type=\"image.default\">\n\t\t\t\t<div class=\"elementor-widget-container\">\n\t\t\t\t\t\t\t\t\t\t\t\t\t<img loading=\"lazy\" decoding=\"async\" width=\"201\" height=\"166\" src=\"https:\/\/planetatworczosci.org\/wp-content\/uploads\/2022\/10\/kuchnia-maluchapng.png\" class=\"attachment-medium size-medium wp-image-1159\" alt=\"\" \/>\t\t\t\t\t\t\t\t\t\t\t\t\t<\/div>\n\t\t\t\t<\/div>\n\t\t\t\t\t<\/div>\n\t\t<\/div>\n\t\t\t\t\t<\/div>\n\t\t<\/section>\n\t\t\t\t<section class=\"elementor-section elementor-inner-section elementor-element elementor-element-82cc10a elementor-section-boxed elementor-section-height-default elementor-section-height-default\" data-id=\"82cc10a\" data-element_type=\"section\" data-settings=\"{&quot;background_background&quot;:&quot;classic&quot;,&quot;_ha_eqh_enable&quot;:false}\">\n\t\t\t\t\t\t<div class=\"elementor-container elementor-column-gap-default\">\n\t\t\t\t\t<div class=\"elementor-column elementor-col-100 elementor-inner-column elementor-element elementor-element-c8e5963\" data-id=\"c8e5963\" data-element_type=\"column\">\n\t\t\t<div class=\"elementor-widget-wrap\">\n\t\t\t\t\t\t\t<\/div>\n\t\t<\/div>\n\t\t\t\t\t<\/div>\n\t\t<\/section>\n\t\t\t\t\t<\/div>\n\t\t<\/div>\n\t\t\t\t<div class=\"elementor-column elementor-col-33 elementor-top-column elementor-element elementor-element-7b39f68\" data-id=\"7b39f68\" data-element_type=\"column\">\n\t\t\t<div class=\"elementor-widget-wrap\">\n\t\t\t\t\t\t\t<\/div>\n\t\t<\/div>\n\t\t\t\t\t<\/div>\n\t\t<\/section>\n\t\t\t\t<\/div>\n\t\t","protected":false},"excerpt":{"rendered":"","protected":false},"author":1,"featured_media":0,"parent":0,"menu_order":150,"comment_status":"closed","ping_status":"closed","template":"elementor_header_footer","meta":{"footnotes":""},"class_list":["post-890","page","type-page","status-publish","hentry"],"yoast_head":"<!-- This site is optimized with the Yoast SEO plugin v27.5 - https:\/\/yoast.com\/product\/yoast-seo-wordpress\/ -->\n<title>WSP\u00d3\u0141PRACA - Planeta Tw\u00f3rczo\u015bci<\/title>\n<meta name=\"robots\" content=\"index, follow, max-snippet:-1, max-image-preview:large, max-video-preview:-1\" \/>\n<link rel=\"canonical\" href=\"https:\/\/planetatworczosci.org\/?page_id=890\" \/>\n<meta property=\"og:locale\" content=\"pl_PL\" \/>\n<meta property=\"og:type\" content=\"article\" \/>\n<meta property=\"og:title\" content=\"WSP\u00d3\u0141PRACA - Planeta Tw\u00f3rczo\u015bci\" \/>\n<meta property=\"og:url\" content=\"https:\/\/planetatworczosci.org\/?page_id=890\" \/>\n<meta property=\"og:site_name\" content=\"Planeta Tw\u00f3rczo\u015bci\" \/>\n<meta property=\"article:modified_time\" content=\"2022-10-24T12:56:30+00:00\" \/>\n<meta property=\"og:image\" content=\"https:\/\/planetatworczosci.org\/wp-content\/uploads\/2022\/10\/glinolandia.png\" \/>\n<meta name=\"twitter:card\" content=\"summary_large_image\" \/>\n<meta name=\"twitter:label1\" content=\"Szacowany czas czytania\" \/>\n\t<meta name=\"twitter:data1\" content=\"2 minuty\" \/>\n<script type=\"application\/ld+json\" class=\"yoast-schema-graph\">{\"@context\":\"https:\\\/\\\/schema.org\",\"@graph\":[{\"@type\":\"WebPage\",\"@id\":\"https:\\\/\\\/planetatworczosci.org\\\/?page_id=890\",\"url\":\"https:\\\/\\\/planetatworczosci.org\\\/?page_id=890\",\"name\":\"WSP\u00d3\u0141PRACA - Planeta Tw\u00f3rczo\u015bci\",\"isPartOf\":{\"@id\":\"https:\\\/\\\/planetatworczosci.org\\\/#website\"},\"primaryImageOfPage\":{\"@id\":\"https:\\\/\\\/planetatworczosci.org\\\/?page_id=890#primaryimage\"},\"image\":{\"@id\":\"https:\\\/\\\/planetatworczosci.org\\\/?page_id=890#primaryimage\"},\"thumbnailUrl\":\"https:\\\/\\\/planetatworczosci.org\\\/wp-content\\\/uploads\\\/2022\\\/10\\\/glinolandia.png\",\"datePublished\":\"2022-09-07T14:55:49+00:00\",\"dateModified\":\"2022-10-24T12:56:30+00:00\",\"breadcrumb\":{\"@id\":\"https:\\\/\\\/planetatworczosci.org\\\/?page_id=890#breadcrumb\"},\"inLanguage\":\"pl-PL\",\"potentialAction\":[{\"@type\":\"ReadAction\",\"target\":[\"https:\\\/\\\/planetatworczosci.org\\\/?page_id=890\"]}]},{\"@type\":\"ImageObject\",\"inLanguage\":\"pl-PL\",\"@id\":\"https:\\\/\\\/planetatworczosci.org\\\/?page_id=890#primaryimage\",\"url\":\"https:\\\/\\\/planetatworczosci.org\\\/wp-content\\\/uploads\\\/2022\\\/10\\\/glinolandia.png\",\"contentUrl\":\"https:\\\/\\\/planetatworczosci.org\\\/wp-content\\\/uploads\\\/2022\\\/10\\\/glinolandia.png\",\"width\":191,\"height\":144},{\"@type\":\"BreadcrumbList\",\"@id\":\"https:\\\/\\\/planetatworczosci.org\\\/?page_id=890#breadcrumb\",\"itemListElement\":[{\"@type\":\"ListItem\",\"position\":1,\"name\":\"Home\",\"item\":\"https:\\\/\\\/planetatworczosci.org\\\/\"},{\"@type\":\"ListItem\",\"position\":2,\"name\":\"WSP\u00d3\u0141PRACA\"}]},{\"@type\":\"WebSite\",\"@id\":\"https:\\\/\\\/planetatworczosci.org\\\/#website\",\"url\":\"https:\\\/\\\/planetatworczosci.org\\\/\",\"name\":\"Planeta Tw\u00f3rczo\u015bci\",\"description\":\"\",\"publisher\":{\"@id\":\"https:\\\/\\\/planetatworczosci.org\\\/#organization\"},\"potentialAction\":[{\"@type\":\"SearchAction\",\"target\":{\"@type\":\"EntryPoint\",\"urlTemplate\":\"https:\\\/\\\/planetatworczosci.org\\\/?s={search_term_string}\"},\"query-input\":{\"@type\":\"PropertyValueSpecification\",\"valueRequired\":true,\"valueName\":\"search_term_string\"}}],\"inLanguage\":\"pl-PL\"},{\"@type\":\"Organization\",\"@id\":\"https:\\\/\\\/planetatworczosci.org\\\/#organization\",\"name\":\"Planeta Tw\u00f3rczo\u015bci\",\"url\":\"https:\\\/\\\/planetatworczosci.org\\\/\",\"logo\":{\"@type\":\"ImageObject\",\"inLanguage\":\"pl-PL\",\"@id\":\"https:\\\/\\\/planetatworczosci.org\\\/#\\\/schema\\\/logo\\\/image\\\/\",\"url\":\"https:\\\/\\\/planetatworczosci.org\\\/wp-content\\\/uploads\\\/2022\\\/07\\\/logo300-1.png\",\"contentUrl\":\"https:\\\/\\\/planetatworczosci.org\\\/wp-content\\\/uploads\\\/2022\\\/07\\\/logo300-1.png\",\"width\":300,\"height\":227,\"caption\":\"Planeta Tw\u00f3rczo\u015bci\"},\"image\":{\"@id\":\"https:\\\/\\\/planetatworczosci.org\\\/#\\\/schema\\\/logo\\\/image\\\/\"}}]}<\/script>\n<!-- \/ Yoast SEO plugin. -->","yoast_head_json":{"title":"WSP\u00d3\u0141PRACA - Planeta Tw\u00f3rczo\u015bci","robots":{"index":"index","follow":"follow","max-snippet":"max-snippet:-1","max-image-preview":"max-image-preview:large","max-video-preview":"max-video-preview:-1"},"canonical":"https:\/\/planetatworczosci.org\/?page_id=890","og_locale":"pl_PL","og_type":"article","og_title":"WSP\u00d3\u0141PRACA - Planeta Tw\u00f3rczo\u015bci","og_url":"https:\/\/planetatworczosci.org\/?page_id=890","og_site_name":"Planeta Tw\u00f3rczo\u015bci","article_modified_time":"2022-10-24T12:56:30+00:00","og_image":[{"url":"https:\/\/planetatworczosci.org\/wp-content\/uploads\/2022\/10\/glinolandia.png","type":"","width":"","height":""}],"twitter_card":"summary_large_image","twitter_misc":{"Szacowany czas czytania":"2 minuty"},"schema":{"@context":"https:\/\/schema.org","@graph":[{"@type":"WebPage","@id":"https:\/\/planetatworczosci.org\/?page_id=890","url":"https:\/\/planetatworczosci.org\/?page_id=890","name":"WSP\u00d3\u0141PRACA - Planeta Tw\u00f3rczo\u015bci","isPartOf":{"@id":"https:\/\/planetatworczosci.org\/#website"},"primaryImageOfPage":{"@id":"https:\/\/planetatworczosci.org\/?page_id=890#primaryimage"},"image":{"@id":"https:\/\/planetatworczosci.org\/?page_id=890#primaryimage"},"thumbnailUrl":"https:\/\/planetatworczosci.org\/wp-content\/uploads\/2022\/10\/glinolandia.png","datePublished":"2022-09-07T14:55:49+00:00","dateModified":"2022-10-24T12:56:30+00:00","breadcrumb":{"@id":"https:\/\/planetatworczosci.org\/?page_id=890#breadcrumb"},"inLanguage":"pl-PL","potentialAction":[{"@type":"ReadAction","target":["https:\/\/planetatworczosci.org\/?page_id=890"]}]},{"@type":"ImageObject","inLanguage":"pl-PL","@id":"https:\/\/planetatworczosci.org\/?page_id=890#primaryimage","url":"https:\/\/planetatworczosci.org\/wp-content\/uploads\/2022\/10\/glinolandia.png","contentUrl":"https:\/\/planetatworczosci.org\/wp-content\/uploads\/2022\/10\/glinolandia.png","width":191,"height":144},{"@type":"BreadcrumbList","@id":"https:\/\/planetatworczosci.org\/?page_id=890#breadcrumb","itemListElement":[{"@type":"ListItem","position":1,"name":"Home","item":"https:\/\/planetatworczosci.org\/"},{"@type":"ListItem","position":2,"name":"WSP\u00d3\u0141PRACA"}]},{"@type":"WebSite","@id":"https:\/\/planetatworczosci.org\/#website","url":"https:\/\/planetatworczosci.org\/","name":"Planeta Tw\u00f3rczo\u015bci","description":"","publisher":{"@id":"https:\/\/planetatworczosci.org\/#organization"},"potentialAction":[{"@type":"SearchAction","target":{"@type":"EntryPoint","urlTemplate":"https:\/\/planetatworczosci.org\/?s={search_term_string}"},"query-input":{"@type":"PropertyValueSpecification","valueRequired":true,"valueName":"search_term_string"}}],"inLanguage":"pl-PL"},{"@type":"Organization","@id":"https:\/\/planetatworczosci.org\/#organization","name":"Planeta Tw\u00f3rczo\u015bci","url":"https:\/\/planetatworczosci.org\/","logo":{"@type":"ImageObject","inLanguage":"pl-PL","@id":"https:\/\/planetatworczosci.org\/#\/schema\/logo\/image\/","url":"https:\/\/planetatworczosci.org\/wp-content\/uploads\/2022\/07\/logo300-1.png","contentUrl":"https:\/\/planetatworczosci.org\/wp-content\/uploads\/2022\/07\/logo300-1.png","width":300,"height":227,"caption":"Planeta Tw\u00f3rczo\u015bci"},"image":{"@id":"https:\/\/planetatworczosci.org\/#\/schema\/logo\/image\/"}}]}},"_links":{"self":[{"href":"https:\/\/planetatworczosci.org\/index.php?rest_route=\/wp\/v2\/pages\/890","targetHints":{"allow":["GET"]}}],"collection":[{"href":"https:\/\/planetatworczosci.org\/index.php?rest_route=\/wp\/v2\/pages"}],"about":[{"href":"https:\/\/planetatworczosci.org\/index.php?rest_route=\/wp\/v2\/types\/page"}],"author":[{"embeddable":true,"href":"https:\/\/planetatworczosci.org\/index.php?rest_route=\/wp\/v2\/users\/1"}],"replies":[{"embeddable":true,"href":"https:\/\/planetatworczosci.org\/index.php?rest_route=%2Fwp%2Fv2%2Fcomments&post=890"}],"version-history":[{"count":8,"href":"https:\/\/planetatworczosci.org\/index.php?rest_route=\/wp\/v2\/pages\/890\/revisions"}],"predecessor-version":[{"id":1164,"href":"https:\/\/planetatworczosci.org\/index.php?rest_route=\/wp\/v2\/pages\/890\/revisions\/1164"}],"wp:attachment":[{"href":"https:\/\/planetatworczosci.org\/index.php?rest_route=%2Fwp%2Fv2%2Fmedia&parent=890"}],"curies":[{"name":"wp","href":"https:\/\/api.w.org\/{rel}","templated":true}]}}