{"id":892,"date":"2022-09-07T16:58:28","date_gmt":"2022-09-07T14:58:28","guid":{"rendered":"https:\/\/planetatworczosci.org\/?page_id=892"},"modified":"2022-11-29T13:09:16","modified_gmt":"2022-11-29T12:09:16","slug":"wazne-ciekawe","status":"publish","type":"page","link":"https:\/\/planetatworczosci.org\/?page_id=892","title":{"rendered":"WA\u017bNE-CIEKAWE"},"content":{"rendered":"\t\t<div data-elementor-type=\"wp-page\" data-elementor-id=\"892\" class=\"elementor elementor-892\">\n\t\t\t\t\t\t<section class=\"elementor-section elementor-top-section elementor-element elementor-element-786e60b elementor-section-boxed elementor-section-height-default elementor-section-height-default\" data-id=\"786e60b\" data-element_type=\"section\" data-settings=\"{&quot;_ha_eqh_enable&quot;:false}\">\n\t\t\t\t\t\t<div class=\"elementor-container elementor-column-gap-default\">\n\t\t\t\t\t<div class=\"elementor-column elementor-col-33 elementor-top-column elementor-element elementor-element-33944ff\" data-id=\"33944ff\" data-element_type=\"column\">\n\t\t\t<div class=\"elementor-widget-wrap\">\n\t\t\t\t\t\t\t<\/div>\n\t\t<\/div>\n\t\t\t\t<div class=\"elementor-column elementor-col-33 elementor-top-column elementor-element elementor-element-1b80f82\" data-id=\"1b80f82\" data-element_type=\"column\">\n\t\t\t<div class=\"elementor-widget-wrap elementor-element-populated\">\n\t\t\t\t\t\t<section class=\"elementor-section elementor-inner-section elementor-element elementor-element-e64d8cf elementor-section-boxed elementor-section-height-default elementor-section-height-default\" data-id=\"e64d8cf\" data-element_type=\"section\" data-settings=\"{&quot;background_background&quot;:&quot;classic&quot;,&quot;_ha_eqh_enable&quot;:false}\">\n\t\t\t\t\t\t<div class=\"elementor-container elementor-column-gap-default\">\n\t\t\t\t\t<div class=\"elementor-column elementor-col-100 elementor-inner-column elementor-element elementor-element-dc03b78\" data-id=\"dc03b78\" data-element_type=\"column\">\n\t\t\t<div class=\"elementor-widget-wrap\">\n\t\t\t\t\t\t\t<\/div>\n\t\t<\/div>\n\t\t\t\t\t<\/div>\n\t\t<\/section>\n\t\t\t\t<section class=\"elementor-section elementor-inner-section elementor-element elementor-element-3dde5c4 elementor-section-boxed elementor-section-height-default elementor-section-height-default\" data-id=\"3dde5c4\" data-element_type=\"section\" data-settings=\"{&quot;_ha_eqh_enable&quot;:false}\">\n\t\t\t\t\t\t<div class=\"elementor-container elementor-column-gap-default\">\n\t\t\t\t\t<div class=\"elementor-column elementor-col-100 elementor-inner-column elementor-element elementor-element-20e54f7\" data-id=\"20e54f7\" data-element_type=\"column\" data-settings=\"{&quot;background_background&quot;:&quot;classic&quot;}\">\n\t\t\t<div class=\"elementor-widget-wrap elementor-element-populated\">\n\t\t\t\t\t\t<div class=\"elementor-element elementor-element-033758b elementor-widget elementor-widget-text-editor\" data-id=\"033758b\" data-element_type=\"widget\" data-widget_type=\"text-editor.default\">\n\t\t\t\t<div class=\"elementor-widget-container\">\n\t\t\t\t\t\t\t<p><a href=\"https:\/\/planetatworczosci.org\/wp-content\/uploads\/2022\/11\/Zasady-zdrowego-zywienia.pdf\" target=\"_blank\" rel=\"noopener\">Zasady zdrowego \u017cywienia.pdf<\/a><\/p><p><a href=\"https:\/\/planetatworczosci.org\/wp-content\/uploads\/2022\/11\/Co-3-latek-umiec-powinien.pdf\" target=\"_blank\" rel=\"noopener\">Co 3 latek umie\u0107 powinien.pdf<\/a><\/p><p><a href=\"https:\/\/planetatworczosci.org\/wp-content\/uploads\/2022\/11\/Co-4-latek-umiec-powinien.pdf\" target=\"_blank\" rel=\"noopener\">Co 4 latek umie\u0107 powinien.pdf<\/a><\/p><p><a href=\"https:\/\/planetatworczosci.org\/wp-content\/uploads\/2022\/11\/Co-5-latek-umiec-powinien.pdf\" target=\"_blank\" rel=\"noopener\">Co 5 latek umie\u0107 powinien.pdf<\/a><\/p><p><a href=\"https:\/\/planetatworczosci.org\/wp-content\/uploads\/2022\/11\/Co-6-latek-umiec-powinien.pdf\" target=\"_blank\" rel=\"noopener\">Co 6 latek umie\u0107 powinien.pdf<\/a><\/p>\t\t\t\t\t\t<\/div>\n\t\t\t\t<\/div>\n\t\t\t\t\t<\/div>\n\t\t<\/div>\n\t\t\t\t\t<\/div>\n\t\t<\/section>\n\t\t\t\t<section class=\"elementor-section elementor-inner-section elementor-element elementor-element-29eb69c elementor-section-boxed elementor-section-height-default elementor-section-height-default\" data-id=\"29eb69c\" data-element_type=\"section\" data-settings=\"{&quot;background_background&quot;:&quot;classic&quot;,&quot;_ha_eqh_enable&quot;:false}\">\n\t\t\t\t\t\t<div class=\"elementor-container elementor-column-gap-default\">\n\t\t\t\t\t<div class=\"elementor-column elementor-col-100 elementor-inner-column elementor-element elementor-element-826ac55\" data-id=\"826ac55\" data-element_type=\"column\">\n\t\t\t<div class=\"elementor-widget-wrap\">\n\t\t\t\t\t\t\t<\/div>\n\t\t<\/div>\n\t\t\t\t\t<\/div>\n\t\t<\/section>\n\t\t\t\t\t<\/div>\n\t\t<\/div>\n\t\t\t\t<div class=\"elementor-column elementor-col-33 elementor-top-column elementor-element elementor-element-7b39f68\" data-id=\"7b39f68\" data-element_type=\"column\">\n\t\t\t<div class=\"elementor-widget-wrap\">\n\t\t\t\t\t\t\t<\/div>\n\t\t<\/div>\n\t\t\t\t\t<\/div>\n\t\t<\/section>\n\t\t\t\t<\/div>\n\t\t","protected":false},"excerpt":{"rendered":"<p>Zasady zdrowego \u017cywienia.pdf Co 3 latek umie\u0107 powinien.pdf Co 4 latek umie\u0107 powinien.pdf Co 5 latek umie\u0107 powinien.pdf Co 6 latek umie\u0107 powinien.pdf<\/p>\n","protected":false},"author":1,"featured_media":0,"parent":0,"menu_order":240,"comment_status":"closed","ping_status":"closed","template":"elementor_header_footer","meta":{"footnotes":""},"class_list":["post-892","page","type-page","status-publish","hentry"],"yoast_head":"<!-- This site is optimized with the Yoast SEO plugin v27.5 - https:\/\/yoast.com\/product\/yoast-seo-wordpress\/ -->\n<title>WA\u017bNE-CIEKAWE - Planeta Tw\u00f3rczo\u015bci<\/title>\n<meta name=\"robots\" content=\"index, follow, max-snippet:-1, max-image-preview:large, max-video-preview:-1\" \/>\n<link rel=\"canonical\" href=\"https:\/\/planetatworczosci.org\/?page_id=892\" \/>\n<meta property=\"og:locale\" content=\"pl_PL\" \/>\n<meta property=\"og:type\" content=\"article\" \/>\n<meta property=\"og:title\" content=\"WA\u017bNE-CIEKAWE - Planeta Tw\u00f3rczo\u015bci\" \/>\n<meta property=\"og:description\" content=\"Zasady zdrowego \u017cywienia.pdf Co 3 latek umie\u0107 powinien.pdf Co 4 latek umie\u0107 powinien.pdf Co 5 latek umie\u0107 powinien.pdf Co 6 latek umie\u0107 powinien.pdf\" \/>\n<meta property=\"og:url\" content=\"https:\/\/planetatworczosci.org\/?page_id=892\" \/>\n<meta property=\"og:site_name\" content=\"Planeta Tw\u00f3rczo\u015bci\" \/>\n<meta property=\"article:modified_time\" content=\"2022-11-29T12:09:16+00:00\" \/>\n<meta name=\"twitter:card\" content=\"summary_large_image\" \/>\n<meta name=\"twitter:label1\" content=\"Szacowany czas czytania\" \/>\n\t<meta name=\"twitter:data1\" content=\"1 minuta\" \/>\n<script type=\"application\/ld+json\" class=\"yoast-schema-graph\">{\"@context\":\"https:\\\/\\\/schema.org\",\"@graph\":[{\"@type\":\"WebPage\",\"@id\":\"https:\\\/\\\/planetatworczosci.org\\\/?page_id=892\",\"url\":\"https:\\\/\\\/planetatworczosci.org\\\/?page_id=892\",\"name\":\"WA\u017bNE-CIEKAWE - Planeta Tw\u00f3rczo\u015bci\",\"isPartOf\":{\"@id\":\"https:\\\/\\\/planetatworczosci.org\\\/#website\"},\"datePublished\":\"2022-09-07T14:58:28+00:00\",\"dateModified\":\"2022-11-29T12:09:16+00:00\",\"breadcrumb\":{\"@id\":\"https:\\\/\\\/planetatworczosci.org\\\/?page_id=892#breadcrumb\"},\"inLanguage\":\"pl-PL\",\"potentialAction\":[{\"@type\":\"ReadAction\",\"target\":[\"https:\\\/\\\/planetatworczosci.org\\\/?page_id=892\"]}]},{\"@type\":\"BreadcrumbList\",\"@id\":\"https:\\\/\\\/planetatworczosci.org\\\/?page_id=892#breadcrumb\",\"itemListElement\":[{\"@type\":\"ListItem\",\"position\":1,\"name\":\"Home\",\"item\":\"https:\\\/\\\/planetatworczosci.org\\\/\"},{\"@type\":\"ListItem\",\"position\":2,\"name\":\"WA\u017bNE-CIEKAWE\"}]},{\"@type\":\"WebSite\",\"@id\":\"https:\\\/\\\/planetatworczosci.org\\\/#website\",\"url\":\"https:\\\/\\\/planetatworczosci.org\\\/\",\"name\":\"Planeta Tw\u00f3rczo\u015bci\",\"description\":\"\",\"publisher\":{\"@id\":\"https:\\\/\\\/planetatworczosci.org\\\/#organization\"},\"potentialAction\":[{\"@type\":\"SearchAction\",\"target\":{\"@type\":\"EntryPoint\",\"urlTemplate\":\"https:\\\/\\\/planetatworczosci.org\\\/?s={search_term_string}\"},\"query-input\":{\"@type\":\"PropertyValueSpecification\",\"valueRequired\":true,\"valueName\":\"search_term_string\"}}],\"inLanguage\":\"pl-PL\"},{\"@type\":\"Organization\",\"@id\":\"https:\\\/\\\/planetatworczosci.org\\\/#organization\",\"name\":\"Planeta Tw\u00f3rczo\u015bci\",\"url\":\"https:\\\/\\\/planetatworczosci.org\\\/\",\"logo\":{\"@type\":\"ImageObject\",\"inLanguage\":\"pl-PL\",\"@id\":\"https:\\\/\\\/planetatworczosci.org\\\/#\\\/schema\\\/logo\\\/image\\\/\",\"url\":\"https:\\\/\\\/planetatworczosci.org\\\/wp-content\\\/uploads\\\/2022\\\/07\\\/logo300-1.png\",\"contentUrl\":\"https:\\\/\\\/planetatworczosci.org\\\/wp-content\\\/uploads\\\/2022\\\/07\\\/logo300-1.png\",\"width\":300,\"height\":227,\"caption\":\"Planeta Tw\u00f3rczo\u015bci\"},\"image\":{\"@id\":\"https:\\\/\\\/planetatworczosci.org\\\/#\\\/schema\\\/logo\\\/image\\\/\"}}]}<\/script>\n<!-- \/ Yoast SEO plugin. -->","yoast_head_json":{"title":"WA\u017bNE-CIEKAWE - Planeta Tw\u00f3rczo\u015bci","robots":{"index":"index","follow":"follow","max-snippet":"max-snippet:-1","max-image-preview":"max-image-preview:large","max-video-preview":"max-video-preview:-1"},"canonical":"https:\/\/planetatworczosci.org\/?page_id=892","og_locale":"pl_PL","og_type":"article","og_title":"WA\u017bNE-CIEKAWE - Planeta Tw\u00f3rczo\u015bci","og_description":"Zasady zdrowego \u017cywienia.pdf Co 3 latek umie\u0107 powinien.pdf Co 4 latek umie\u0107 powinien.pdf Co 5 latek umie\u0107 powinien.pdf Co 6 latek umie\u0107 powinien.pdf","og_url":"https:\/\/planetatworczosci.org\/?page_id=892","og_site_name":"Planeta Tw\u00f3rczo\u015bci","article_modified_time":"2022-11-29T12:09:16+00:00","twitter_card":"summary_large_image","twitter_misc":{"Szacowany czas czytania":"1 minuta"},"schema":{"@context":"https:\/\/schema.org","@graph":[{"@type":"WebPage","@id":"https:\/\/planetatworczosci.org\/?page_id=892","url":"https:\/\/planetatworczosci.org\/?page_id=892","name":"WA\u017bNE-CIEKAWE - Planeta Tw\u00f3rczo\u015bci","isPartOf":{"@id":"https:\/\/planetatworczosci.org\/#website"},"datePublished":"2022-09-07T14:58:28+00:00","dateModified":"2022-11-29T12:09:16+00:00","breadcrumb":{"@id":"https:\/\/planetatworczosci.org\/?page_id=892#breadcrumb"},"inLanguage":"pl-PL","potentialAction":[{"@type":"ReadAction","target":["https:\/\/planetatworczosci.org\/?page_id=892"]}]},{"@type":"BreadcrumbList","@id":"https:\/\/planetatworczosci.org\/?page_id=892#breadcrumb","itemListElement":[{"@type":"ListItem","position":1,"name":"Home","item":"https:\/\/planetatworczosci.org\/"},{"@type":"ListItem","position":2,"name":"WA\u017bNE-CIEKAWE"}]},{"@type":"WebSite","@id":"https:\/\/planetatworczosci.org\/#website","url":"https:\/\/planetatworczosci.org\/","name":"Planeta Tw\u00f3rczo\u015bci","description":"","publisher":{"@id":"https:\/\/planetatworczosci.org\/#organization"},"potentialAction":[{"@type":"SearchAction","target":{"@type":"EntryPoint","urlTemplate":"https:\/\/planetatworczosci.org\/?s={search_term_string}"},"query-input":{"@type":"PropertyValueSpecification","valueRequired":true,"valueName":"search_term_string"}}],"inLanguage":"pl-PL"},{"@type":"Organization","@id":"https:\/\/planetatworczosci.org\/#organization","name":"Planeta Tw\u00f3rczo\u015bci","url":"https:\/\/planetatworczosci.org\/","logo":{"@type":"ImageObject","inLanguage":"pl-PL","@id":"https:\/\/planetatworczosci.org\/#\/schema\/logo\/image\/","url":"https:\/\/planetatworczosci.org\/wp-content\/uploads\/2022\/07\/logo300-1.png","contentUrl":"https:\/\/planetatworczosci.org\/wp-content\/uploads\/2022\/07\/logo300-1.png","width":300,"height":227,"caption":"Planeta Tw\u00f3rczo\u015bci"},"image":{"@id":"https:\/\/planetatworczosci.org\/#\/schema\/logo\/image\/"}}]}},"_links":{"self":[{"href":"https:\/\/planetatworczosci.org\/index.php?rest_route=\/wp\/v2\/pages\/892","targetHints":{"allow":["GET"]}}],"collection":[{"href":"https:\/\/planetatworczosci.org\/index.php?rest_route=\/wp\/v2\/pages"}],"about":[{"href":"https:\/\/planetatworczosci.org\/index.php?rest_route=\/wp\/v2\/types\/page"}],"author":[{"embeddable":true,"href":"https:\/\/planetatworczosci.org\/index.php?rest_route=\/wp\/v2\/users\/1"}],"replies":[{"embeddable":true,"href":"https:\/\/planetatworczosci.org\/index.php?rest_route=%2Fwp%2Fv2%2Fcomments&post=892"}],"version-history":[{"count":11,"href":"https:\/\/planetatworczosci.org\/index.php?rest_route=\/wp\/v2\/pages\/892\/revisions"}],"predecessor-version":[{"id":1317,"href":"https:\/\/planetatworczosci.org\/index.php?rest_route=\/wp\/v2\/pages\/892\/revisions\/1317"}],"wp:attachment":[{"href":"https:\/\/planetatworczosci.org\/index.php?rest_route=%2Fwp%2Fv2%2Fmedia&parent=892"}],"curies":[{"name":"wp","href":"https:\/\/api.w.org\/{rel}","templated":true}]}}