{"id":953,"date":"2022-09-07T23:43:40","date_gmt":"2022-09-07T21:43:40","guid":{"rendered":"https:\/\/planetatworczosci.org\/?page_id=953"},"modified":"2023-02-28T13:19:35","modified_gmt":"2023-02-28T12:19:35","slug":"zajecia-plastyczne","status":"publish","type":"page","link":"https:\/\/planetatworczosci.org\/?page_id=953","title":{"rendered":"ZAJ\u0118CIA PLASTYCZNE"},"content":{"rendered":"\t\t<div data-elementor-type=\"wp-page\" data-elementor-id=\"953\" class=\"elementor elementor-953\">\n\t\t\t\t\t\t<section class=\"elementor-section elementor-top-section elementor-element elementor-element-786e60b elementor-section-boxed elementor-section-height-default elementor-section-height-default\" data-id=\"786e60b\" data-element_type=\"section\" data-settings=\"{&quot;_ha_eqh_enable&quot;:false}\">\n\t\t\t\t\t\t<div class=\"elementor-container elementor-column-gap-default\">\n\t\t\t\t\t<div class=\"elementor-column elementor-col-33 elementor-top-column elementor-element elementor-element-33944ff\" data-id=\"33944ff\" data-element_type=\"column\">\n\t\t\t<div class=\"elementor-widget-wrap\">\n\t\t\t\t\t\t\t<\/div>\n\t\t<\/div>\n\t\t\t\t<div class=\"elementor-column elementor-col-33 elementor-top-column elementor-element elementor-element-1b80f82\" data-id=\"1b80f82\" data-element_type=\"column\">\n\t\t\t<div class=\"elementor-widget-wrap elementor-element-populated\">\n\t\t\t\t\t\t<section class=\"elementor-section elementor-inner-section elementor-element elementor-element-e64d8cf elementor-section-boxed elementor-section-height-default elementor-section-height-default\" data-id=\"e64d8cf\" data-element_type=\"section\" data-settings=\"{&quot;background_background&quot;:&quot;classic&quot;,&quot;_ha_eqh_enable&quot;:false}\">\n\t\t\t\t\t\t<div class=\"elementor-container elementor-column-gap-default\">\n\t\t\t\t\t<div class=\"elementor-column elementor-col-100 elementor-inner-column elementor-element elementor-element-dc03b78\" data-id=\"dc03b78\" data-element_type=\"column\">\n\t\t\t<div class=\"elementor-widget-wrap\">\n\t\t\t\t\t\t\t<\/div>\n\t\t<\/div>\n\t\t\t\t\t<\/div>\n\t\t<\/section>\n\t\t\t\t<section class=\"elementor-section elementor-inner-section elementor-element elementor-element-3dde5c4 elementor-section-boxed elementor-section-height-default elementor-section-height-default\" data-id=\"3dde5c4\" data-element_type=\"section\" data-settings=\"{&quot;_ha_eqh_enable&quot;:false}\">\n\t\t\t\t\t\t<div class=\"elementor-container elementor-column-gap-default\">\n\t\t\t\t\t<div class=\"elementor-column elementor-col-50 elementor-inner-column elementor-element elementor-element-20e54f7\" data-id=\"20e54f7\" data-element_type=\"column\" data-settings=\"{&quot;background_background&quot;:&quot;classic&quot;}\">\n\t\t\t<div class=\"elementor-widget-wrap elementor-element-populated\">\n\t\t\t\t\t\t<div class=\"elementor-element elementor-element-3ac29f5 elementor-widget elementor-widget-image\" data-id=\"3ac29f5\" data-element_type=\"widget\" data-widget_type=\"image.default\">\n\t\t\t\t<div class=\"elementor-widget-container\">\n\t\t\t\t\t\t\t\t\t\t\t\t\t<img fetchpriority=\"high\" decoding=\"async\" width=\"300\" height=\"282\" src=\"https:\/\/planetatworczosci.org\/wp-content\/uploads\/2022\/09\/dzieci_maluja-300x282.png\" class=\"attachment-medium size-medium wp-image-960\" alt=\"\" srcset=\"https:\/\/planetatworczosci.org\/wp-content\/uploads\/2022\/09\/dzieci_maluja-300x282.png 300w, https:\/\/planetatworczosci.org\/wp-content\/uploads\/2022\/09\/dzieci_maluja.png 413w\" sizes=\"(max-width: 300px) 100vw, 300px\" \/>\t\t\t\t\t\t\t\t\t\t\t\t\t<\/div>\n\t\t\t\t<\/div>\n\t\t\t\t\t<\/div>\n\t\t<\/div>\n\t\t\t\t<div class=\"elementor-column elementor-col-50 elementor-inner-column elementor-element elementor-element-f738d0f\" data-id=\"f738d0f\" data-element_type=\"column\" data-settings=\"{&quot;background_background&quot;:&quot;classic&quot;}\">\n\t\t\t<div class=\"elementor-widget-wrap elementor-element-populated\">\n\t\t\t\t\t\t<div class=\"elementor-element elementor-element-0fb12b1 elementor-widget elementor-widget-html\" data-id=\"0fb12b1\" data-element_type=\"widget\" data-widget_type=\"html.default\">\n\t\t\t\t<div class=\"elementor-widget-container\">\n\t\t\t<div style=\"\n   text-shadow:\n    -1px -1px 0 #4472C4,\n    1px -1px 0 #4472C4,\n    -1px 1px 0 #4472C4,\n    1px 1px 0 #4472C4,\n    3px 3px 1px #88888844;\ntext-transform: uppercase;\nfont-weight: 600;\nfont-size: 44px;\ncolor: #9CC2E5;\n\">\n    ZAJ\u0118CIA PLASTYCZNE\n<\/div>\t\t<\/div>\n\t\t\t\t<\/div>\n\t\t\t\t\t<\/div>\n\t\t<\/div>\n\t\t\t\t\t<\/div>\n\t\t<\/section>\n\t\t\t\t<section class=\"elementor-section elementor-inner-section elementor-element elementor-element-62a661e elementor-section-boxed elementor-section-height-default elementor-section-height-default\" data-id=\"62a661e\" data-element_type=\"section\" data-settings=\"{&quot;_ha_eqh_enable&quot;:false}\">\n\t\t\t\t\t\t<div class=\"elementor-container elementor-column-gap-default\">\n\t\t\t\t\t<div class=\"elementor-column elementor-col-100 elementor-inner-column elementor-element elementor-element-d76c843\" data-id=\"d76c843\" data-element_type=\"column\" data-settings=\"{&quot;background_background&quot;:&quot;classic&quot;}\">\n\t\t\t<div class=\"elementor-widget-wrap elementor-element-populated\">\n\t\t\t\t\t\t<div class=\"elementor-element elementor-element-4ab4e86 elementor-widget elementor-widget-text-editor\" data-id=\"4ab4e86\" data-element_type=\"widget\" data-widget_type=\"text-editor.default\">\n\t\t\t\t<div class=\"elementor-widget-container\">\n\t\t\t\t\t\t\t<p><strong>Maj\u0105 na celu uwra\u017cliwi\u0107 dzieci na walory estetyczne otaczaj\u0105cego \u015bwiata, usprawni\u0107 ma\u0142\u0105 motoryk\u0119, czyli drobne mi\u0119\u015bnie d\u0142oni, koordynacj\u0119 wzrokowo- ruchow\u0105 oraz maj\u0105 wyzwoli\u0107 poczucie rado\u015bci i satysfakcji z tworzenia. Zaj\u0119cia s\u0105 realizowane z wykorzystaniem r\u00f3\u017cnorodnych technik plastycznych, rozwijaj\u0105cych zar\u00f3wno tw\u00f3rcze my\u015blenie jak i zdolno\u015bci plastyczne.<\/strong><\/p>\t\t\t\t\t\t<\/div>\n\t\t\t\t<\/div>\n\t\t\t\t\t<\/div>\n\t\t<\/div>\n\t\t\t\t\t<\/div>\n\t\t<\/section>\n\t\t\t\t<section class=\"elementor-section elementor-inner-section elementor-element elementor-element-29eb69c elementor-section-boxed elementor-section-height-default elementor-section-height-default\" data-id=\"29eb69c\" data-element_type=\"section\" data-settings=\"{&quot;background_background&quot;:&quot;classic&quot;,&quot;_ha_eqh_enable&quot;:false}\">\n\t\t\t\t\t\t<div class=\"elementor-container elementor-column-gap-default\">\n\t\t\t\t\t<div class=\"elementor-column elementor-col-100 elementor-inner-column elementor-element elementor-element-826ac55\" data-id=\"826ac55\" data-element_type=\"column\">\n\t\t\t<div class=\"elementor-widget-wrap\">\n\t\t\t\t\t\t\t<\/div>\n\t\t<\/div>\n\t\t\t\t\t<\/div>\n\t\t<\/section>\n\t\t\t\t\t<\/div>\n\t\t<\/div>\n\t\t\t\t<div class=\"elementor-column elementor-col-33 elementor-top-column elementor-element elementor-element-7b39f68\" data-id=\"7b39f68\" data-element_type=\"column\">\n\t\t\t<div class=\"elementor-widget-wrap\">\n\t\t\t\t\t\t\t<\/div>\n\t\t<\/div>\n\t\t\t\t\t<\/div>\n\t\t<\/section>\n\t\t\t\t<\/div>\n\t\t","protected":false},"excerpt":{"rendered":"<p>ZAJ\u0118CIA PLASTYCZNE Maj\u0105 na celu uwra\u017cliwi\u0107 dzieci na walory estetyczne otaczaj\u0105cego \u015bwiata, usprawni\u0107 ma\u0142\u0105 motoryk\u0119, czyli drobne mi\u0119\u015bnie d\u0142oni, koordynacj\u0119 wzrokowo- ruchow\u0105 oraz maj\u0105 wyzwoli\u0107 poczucie rado\u015bci i satysfakcji z tworzenia. Zaj\u0119cia s\u0105 realizowane z wykorzystaniem r\u00f3\u017cnorodnych technik plastycznych, rozwijaj\u0105cych zar\u00f3wno tw\u00f3rcze my\u015blenie jak i zdolno\u015bci plastyczne.<\/p>\n","protected":false},"author":1,"featured_media":0,"parent":0,"menu_order":430,"comment_status":"closed","ping_status":"closed","template":"elementor_header_footer","meta":{"footnotes":""},"class_list":["post-953","page","type-page","status-publish","hentry"],"yoast_head":"<!-- This site is optimized with the Yoast SEO plugin v27.5 - https:\/\/yoast.com\/product\/yoast-seo-wordpress\/ -->\n<title>ZAJ\u0118CIA PLASTYCZNE - Planeta Tw\u00f3rczo\u015bci<\/title>\n<meta name=\"robots\" content=\"index, follow, max-snippet:-1, max-image-preview:large, max-video-preview:-1\" \/>\n<link rel=\"canonical\" href=\"https:\/\/planetatworczosci.org\/?page_id=953\" \/>\n<meta property=\"og:locale\" content=\"pl_PL\" \/>\n<meta property=\"og:type\" content=\"article\" \/>\n<meta property=\"og:title\" content=\"ZAJ\u0118CIA PLASTYCZNE - Planeta Tw\u00f3rczo\u015bci\" \/>\n<meta property=\"og:description\" content=\"ZAJ\u0118CIA PLASTYCZNE Maj\u0105 na celu uwra\u017cliwi\u0107 dzieci na walory estetyczne otaczaj\u0105cego \u015bwiata, usprawni\u0107 ma\u0142\u0105 motoryk\u0119, czyli drobne mi\u0119\u015bnie d\u0142oni, koordynacj\u0119 wzrokowo- ruchow\u0105 oraz maj\u0105 wyzwoli\u0107 poczucie rado\u015bci i satysfakcji z tworzenia. Zaj\u0119cia s\u0105 realizowane z wykorzystaniem r\u00f3\u017cnorodnych technik plastycznych, rozwijaj\u0105cych zar\u00f3wno tw\u00f3rcze my\u015blenie jak i zdolno\u015bci plastyczne.\" \/>\n<meta property=\"og:url\" content=\"https:\/\/planetatworczosci.org\/?page_id=953\" \/>\n<meta property=\"og:site_name\" content=\"Planeta Tw\u00f3rczo\u015bci\" \/>\n<meta property=\"article:modified_time\" content=\"2023-02-28T12:19:35+00:00\" \/>\n<meta property=\"og:image\" content=\"https:\/\/planetatworczosci.org\/wp-content\/uploads\/2022\/09\/dzieci_maluja-300x282.png\" \/>\n<meta name=\"twitter:card\" content=\"summary_large_image\" \/>\n<meta name=\"twitter:label1\" content=\"Szacowany czas czytania\" \/>\n\t<meta name=\"twitter:data1\" content=\"1 minuta\" \/>\n<script type=\"application\/ld+json\" class=\"yoast-schema-graph\">{\"@context\":\"https:\\\/\\\/schema.org\",\"@graph\":[{\"@type\":\"WebPage\",\"@id\":\"https:\\\/\\\/planetatworczosci.org\\\/?page_id=953\",\"url\":\"https:\\\/\\\/planetatworczosci.org\\\/?page_id=953\",\"name\":\"ZAJ\u0118CIA PLASTYCZNE - Planeta Tw\u00f3rczo\u015bci\",\"isPartOf\":{\"@id\":\"https:\\\/\\\/planetatworczosci.org\\\/#website\"},\"primaryImageOfPage\":{\"@id\":\"https:\\\/\\\/planetatworczosci.org\\\/?page_id=953#primaryimage\"},\"image\":{\"@id\":\"https:\\\/\\\/planetatworczosci.org\\\/?page_id=953#primaryimage\"},\"thumbnailUrl\":\"https:\\\/\\\/planetatworczosci.org\\\/wp-content\\\/uploads\\\/2022\\\/09\\\/dzieci_maluja-300x282.png\",\"datePublished\":\"2022-09-07T21:43:40+00:00\",\"dateModified\":\"2023-02-28T12:19:35+00:00\",\"breadcrumb\":{\"@id\":\"https:\\\/\\\/planetatworczosci.org\\\/?page_id=953#breadcrumb\"},\"inLanguage\":\"pl-PL\",\"potentialAction\":[{\"@type\":\"ReadAction\",\"target\":[\"https:\\\/\\\/planetatworczosci.org\\\/?page_id=953\"]}]},{\"@type\":\"ImageObject\",\"inLanguage\":\"pl-PL\",\"@id\":\"https:\\\/\\\/planetatworczosci.org\\\/?page_id=953#primaryimage\",\"url\":\"https:\\\/\\\/planetatworczosci.org\\\/wp-content\\\/uploads\\\/2022\\\/09\\\/dzieci_maluja.png\",\"contentUrl\":\"https:\\\/\\\/planetatworczosci.org\\\/wp-content\\\/uploads\\\/2022\\\/09\\\/dzieci_maluja.png\",\"width\":413,\"height\":388},{\"@type\":\"BreadcrumbList\",\"@id\":\"https:\\\/\\\/planetatworczosci.org\\\/?page_id=953#breadcrumb\",\"itemListElement\":[{\"@type\":\"ListItem\",\"position\":1,\"name\":\"Home\",\"item\":\"https:\\\/\\\/planetatworczosci.org\\\/\"},{\"@type\":\"ListItem\",\"position\":2,\"name\":\"ZAJ\u0118CIA PLASTYCZNE\"}]},{\"@type\":\"WebSite\",\"@id\":\"https:\\\/\\\/planetatworczosci.org\\\/#website\",\"url\":\"https:\\\/\\\/planetatworczosci.org\\\/\",\"name\":\"Planeta Tw\u00f3rczo\u015bci\",\"description\":\"\",\"publisher\":{\"@id\":\"https:\\\/\\\/planetatworczosci.org\\\/#organization\"},\"potentialAction\":[{\"@type\":\"SearchAction\",\"target\":{\"@type\":\"EntryPoint\",\"urlTemplate\":\"https:\\\/\\\/planetatworczosci.org\\\/?s={search_term_string}\"},\"query-input\":{\"@type\":\"PropertyValueSpecification\",\"valueRequired\":true,\"valueName\":\"search_term_string\"}}],\"inLanguage\":\"pl-PL\"},{\"@type\":\"Organization\",\"@id\":\"https:\\\/\\\/planetatworczosci.org\\\/#organization\",\"name\":\"Planeta Tw\u00f3rczo\u015bci\",\"url\":\"https:\\\/\\\/planetatworczosci.org\\\/\",\"logo\":{\"@type\":\"ImageObject\",\"inLanguage\":\"pl-PL\",\"@id\":\"https:\\\/\\\/planetatworczosci.org\\\/#\\\/schema\\\/logo\\\/image\\\/\",\"url\":\"https:\\\/\\\/planetatworczosci.org\\\/wp-content\\\/uploads\\\/2022\\\/07\\\/logo300-1.png\",\"contentUrl\":\"https:\\\/\\\/planetatworczosci.org\\\/wp-content\\\/uploads\\\/2022\\\/07\\\/logo300-1.png\",\"width\":300,\"height\":227,\"caption\":\"Planeta Tw\u00f3rczo\u015bci\"},\"image\":{\"@id\":\"https:\\\/\\\/planetatworczosci.org\\\/#\\\/schema\\\/logo\\\/image\\\/\"}}]}<\/script>\n<!-- \/ Yoast SEO plugin. -->","yoast_head_json":{"title":"ZAJ\u0118CIA PLASTYCZNE - Planeta Tw\u00f3rczo\u015bci","robots":{"index":"index","follow":"follow","max-snippet":"max-snippet:-1","max-image-preview":"max-image-preview:large","max-video-preview":"max-video-preview:-1"},"canonical":"https:\/\/planetatworczosci.org\/?page_id=953","og_locale":"pl_PL","og_type":"article","og_title":"ZAJ\u0118CIA PLASTYCZNE - Planeta Tw\u00f3rczo\u015bci","og_description":"ZAJ\u0118CIA PLASTYCZNE Maj\u0105 na celu uwra\u017cliwi\u0107 dzieci na walory estetyczne otaczaj\u0105cego \u015bwiata, usprawni\u0107 ma\u0142\u0105 motoryk\u0119, czyli drobne mi\u0119\u015bnie d\u0142oni, koordynacj\u0119 wzrokowo- ruchow\u0105 oraz maj\u0105 wyzwoli\u0107 poczucie rado\u015bci i satysfakcji z tworzenia. Zaj\u0119cia s\u0105 realizowane z wykorzystaniem r\u00f3\u017cnorodnych technik plastycznych, rozwijaj\u0105cych zar\u00f3wno tw\u00f3rcze my\u015blenie jak i zdolno\u015bci plastyczne.","og_url":"https:\/\/planetatworczosci.org\/?page_id=953","og_site_name":"Planeta Tw\u00f3rczo\u015bci","article_modified_time":"2023-02-28T12:19:35+00:00","og_image":[{"url":"https:\/\/planetatworczosci.org\/wp-content\/uploads\/2022\/09\/dzieci_maluja-300x282.png","type":"","width":"","height":""}],"twitter_card":"summary_large_image","twitter_misc":{"Szacowany czas czytania":"1 minuta"},"schema":{"@context":"https:\/\/schema.org","@graph":[{"@type":"WebPage","@id":"https:\/\/planetatworczosci.org\/?page_id=953","url":"https:\/\/planetatworczosci.org\/?page_id=953","name":"ZAJ\u0118CIA PLASTYCZNE - Planeta Tw\u00f3rczo\u015bci","isPartOf":{"@id":"https:\/\/planetatworczosci.org\/#website"},"primaryImageOfPage":{"@id":"https:\/\/planetatworczosci.org\/?page_id=953#primaryimage"},"image":{"@id":"https:\/\/planetatworczosci.org\/?page_id=953#primaryimage"},"thumbnailUrl":"https:\/\/planetatworczosci.org\/wp-content\/uploads\/2022\/09\/dzieci_maluja-300x282.png","datePublished":"2022-09-07T21:43:40+00:00","dateModified":"2023-02-28T12:19:35+00:00","breadcrumb":{"@id":"https:\/\/planetatworczosci.org\/?page_id=953#breadcrumb"},"inLanguage":"pl-PL","potentialAction":[{"@type":"ReadAction","target":["https:\/\/planetatworczosci.org\/?page_id=953"]}]},{"@type":"ImageObject","inLanguage":"pl-PL","@id":"https:\/\/planetatworczosci.org\/?page_id=953#primaryimage","url":"https:\/\/planetatworczosci.org\/wp-content\/uploads\/2022\/09\/dzieci_maluja.png","contentUrl":"https:\/\/planetatworczosci.org\/wp-content\/uploads\/2022\/09\/dzieci_maluja.png","width":413,"height":388},{"@type":"BreadcrumbList","@id":"https:\/\/planetatworczosci.org\/?page_id=953#breadcrumb","itemListElement":[{"@type":"ListItem","position":1,"name":"Home","item":"https:\/\/planetatworczosci.org\/"},{"@type":"ListItem","position":2,"name":"ZAJ\u0118CIA PLASTYCZNE"}]},{"@type":"WebSite","@id":"https:\/\/planetatworczosci.org\/#website","url":"https:\/\/planetatworczosci.org\/","name":"Planeta Tw\u00f3rczo\u015bci","description":"","publisher":{"@id":"https:\/\/planetatworczosci.org\/#organization"},"potentialAction":[{"@type":"SearchAction","target":{"@type":"EntryPoint","urlTemplate":"https:\/\/planetatworczosci.org\/?s={search_term_string}"},"query-input":{"@type":"PropertyValueSpecification","valueRequired":true,"valueName":"search_term_string"}}],"inLanguage":"pl-PL"},{"@type":"Organization","@id":"https:\/\/planetatworczosci.org\/#organization","name":"Planeta Tw\u00f3rczo\u015bci","url":"https:\/\/planetatworczosci.org\/","logo":{"@type":"ImageObject","inLanguage":"pl-PL","@id":"https:\/\/planetatworczosci.org\/#\/schema\/logo\/image\/","url":"https:\/\/planetatworczosci.org\/wp-content\/uploads\/2022\/07\/logo300-1.png","contentUrl":"https:\/\/planetatworczosci.org\/wp-content\/uploads\/2022\/07\/logo300-1.png","width":300,"height":227,"caption":"Planeta Tw\u00f3rczo\u015bci"},"image":{"@id":"https:\/\/planetatworczosci.org\/#\/schema\/logo\/image\/"}}]}},"_links":{"self":[{"href":"https:\/\/planetatworczosci.org\/index.php?rest_route=\/wp\/v2\/pages\/953","targetHints":{"allow":["GET"]}}],"collection":[{"href":"https:\/\/planetatworczosci.org\/index.php?rest_route=\/wp\/v2\/pages"}],"about":[{"href":"https:\/\/planetatworczosci.org\/index.php?rest_route=\/wp\/v2\/types\/page"}],"author":[{"embeddable":true,"href":"https:\/\/planetatworczosci.org\/index.php?rest_route=\/wp\/v2\/users\/1"}],"replies":[{"embeddable":true,"href":"https:\/\/planetatworczosci.org\/index.php?rest_route=%2Fwp%2Fv2%2Fcomments&post=953"}],"version-history":[{"count":5,"href":"https:\/\/planetatworczosci.org\/index.php?rest_route=\/wp\/v2\/pages\/953\/revisions"}],"predecessor-version":[{"id":964,"href":"https:\/\/planetatworczosci.org\/index.php?rest_route=\/wp\/v2\/pages\/953\/revisions\/964"}],"wp:attachment":[{"href":"https:\/\/planetatworczosci.org\/index.php?rest_route=%2Fwp%2Fv2%2Fmedia&parent=953"}],"curies":[{"name":"wp","href":"https:\/\/api.w.org\/{rel}","templated":true}]}}